{"id":97,"date":"2023-04-14T14:06:27","date_gmt":"2023-04-14T14:06:27","guid":{"rendered":"http:\/\/automat.kornblumen-apotheke.at\/?page_id=97"},"modified":"2023-04-14T14:06:27","modified_gmt":"2023-04-14T14:06:27","slug":"mundspulungchlorhexidin-02","status":"publish","type":"page","link":"https:\/\/automat.kornblumen-apotheke.at\/?page_id=97","title":{"rendered":"MUNDSP\u00dcLUNGChlorhexidin 0,2 %"},"content":{"rendered":"\n<figure class=\"wp-block-image size-full\"><img loading=\"lazy\" decoding=\"async\" width=\"421\" height=\"421\" src=\"http:\/\/automat.kornblumen-apotheke.at\/wp-content\/uploads\/2023\/04\/grafik-8.png\" alt=\"\" class=\"wp-image-98\" srcset=\"https:\/\/automat.kornblumen-apotheke.at\/wp-content\/uploads\/2023\/04\/grafik-8.png 421w, https:\/\/automat.kornblumen-apotheke.at\/wp-content\/uploads\/2023\/04\/grafik-8-300x300.png 300w, https:\/\/automat.kornblumen-apotheke.at\/wp-content\/uploads\/2023\/04\/grafik-8-150x150.png 150w\" sizes=\"auto, (max-width: 421px) 100vw, 421px\" \/><\/figure>\n\n\n\n<p>Zur Mund- und Zahnfleischpflege. Besonders geeignet f\u00fcr die Mundhygiene bei paradontalen Beschwerden und bei einem Ungleichgewicht der Mundflora; auch f\u00fcr Tr\u00e4ger von Prothesen, kieferorthop\u00e4dischen Apparaturen und Zahnspangen geeignet.<\/p>\n\n\n\n<p><strong>200ml Flakon<\/strong><\/p>\n\n\n\n<h2 class=\"wp-block-heading\">HINWEISE<\/h2>\n\n\n\n<p>\u200bIntensive Formel mit einem frischen Geschmack. Besonders <strong>hilfreich bei bakteriellen Ungleichgewichten <\/strong>in der Mundh\u00f6hle und bei Problemen des Zahnst\u00fctzgewebes.<br>Geeignet f\u00fcr <strong>Menschen mit parodontalen Beschwerden<\/strong>, f\u00fcr <strong>Tr\u00e4ger von Prothesen oder Zahnspangen, bei Zahnimplantaten <\/strong>sowie zur Vorbereitung oder nach einem zahn\u00e4rztlichen Eingriff zum Schutz des Zahnfleisches.<\/p>\n\n\n\n<p>Das innovative <strong>angemeldete Patent CLOREX-A2G\u00ae minimiert die Gefahr der Fleckenbildung auf den Z\u00e4hnen<\/strong>, die mit Chlorhexidin einhergeht. Dadurch kann das Produkt \u00fcber einen l\u00e4ngeren Zeitraum angewendet werden.<\/p>\n\n\n\n<p>Der praktische Messbecher erleichtert die Verd\u00fcnnung der Mundsp\u00fclung, die somit <strong>als t\u00e4gliche Pflege und zur Erhaltung <\/strong>verwendet werden kann.<\/p>\n\n\n\n<h2 class=\"wp-block-heading\">ANWENDUNG<\/h2>\n\n\n\n<p><strong>\u200bIntensivpflege:<\/strong><br>die Mundh\u00f6hle 2-mal t\u00e4glich mindestens 1 Minute lang mit 10 ml des unverd\u00fcnnten Produkts (0,2%) nach den Hauptmahlzeiten sp\u00fclen. Je nach Bedarf das Produkt eine Woche lang oder l\u00e4nger anwenden.<\/p>\n\n\n\n<p><strong>Erhaltungspflege:<\/strong><br>die Mundh\u00f6hle 2-mal t\u00e4glich mindestens 1 Minute lang mit 10 ml des verd\u00fcnnten Produkts (0,12%)* nach den Hauptmahlzeiten sp\u00fclen. Je nach Bedarf das Produkt einen Monat lang oder l\u00e4nger anwenden.<\/p>\n\n\n\n<p><strong>T\u00e4gliche Hygiene:<\/strong><br>Die Mundsp\u00fclung verd\u00fcnnen (0,06%)*.<\/p>\n\n\n\n<p>*Empfohlene Verd\u00fcnnungen:<br>0,12% 6 ml des Produkts, verd\u00fcnnt mit 4 ml Wasser<br>0,06% 3 ml des Produkts, verd\u00fcnnt mit 7 ml Wasser<\/p>\n\n\n\n<h2 class=\"wp-block-heading\">SICHERHEIT<\/h2>\n\n\n\n<p><strong>\u200bParaben tested***<\/strong><br>In Zusammenarbeit mit Universit\u00e4tsinstituten entwickelt<br>Nickel &lt; 0,0001% (1ppm)<br>Ohne Alkohol<br>***Parabene &lt; 0,0001% (1ppm)<\/p>\n\n\n\n<p><strong>CHLORHEXIDIN<\/strong><br>Wirkt antimikrobiell<br><br><strong>XYLIT<\/strong><br>Feuchthaltend, karieshemmend<br><br><strong>ALLANTOIN<\/strong><br>Lindert<br><br><strong>ASCORBYLGLUCOSID<\/strong><br>Wirkt antioxidativ<\/p>\n\n\n\n<p>\u200b<strong>CHLORHEXIDIN: PATENT CLOREX-A2G\u00ae<\/strong><br><strong>Chlorhexidin ist eine der Hauptursachen f\u00fcr Zahnverf\u00e4rbungen <\/strong>und oberfl\u00e4chliche Ver\u00e4nderungen der Zahnfarbe, die unterschiedliche Abweichungen annehmen k\u00f6nnen. Die Wirkmechanismen, die zur Bildung von Verf\u00e4rbungen durch Chlorhexidin f\u00fchren, sind im Wesentlichen drei: Maillard-Reaktion, Proteindenaturierung und Wechselwirkungen mit Farbstoff bildenden Speisen und Getr\u00e4nken.<\/p>\n\n\n\n<p><strong>CLOREX-A2G\u00ae<\/strong> stabilisiert das Chlorhexidin durch eine innovative Mischung aktiver Molek\u00fcle, welche <strong>die Verf\u00e4rbung der Z\u00e4hne wirksam und sicher reduzieren.<\/strong><\/p>\n\n\n\n<p>\u200bINGREDIENTS: AQUA, HYDROGENATED STARCH HYDROLYSATE, LAURETH-23, <strong>XYLITOL, CHLORHEXIDINE DIGLUCONATE, ALLANTOIN,<\/strong> ARGININE, SUCRALOSE, AROMA, <strong>ASCORBYL GLUCOSIDE<\/strong>, CI 42051, HYDROXYACETOPHENONE.<\/p>\n\n\n\n<p>** In Fettschrift wurden die Inhaltsstoffe, in Kursivschrift die Konservierungsstoffe hervorgehoben.<\/p>\n","protected":false},"excerpt":{"rendered":"<p>Zur Mund- und Zahnfleischpflege. Besonders geeignet f\u00fcr die Mundhygiene bei paradontalen Beschwerden und bei einem Ungleichgewicht der Mundflora; auch f\u00fcr Tr\u00e4ger von Prothesen, kieferorthop\u00e4dischen Apparaturen und Zahnspangen geeignet. 200ml Flakon HINWEISE \u200bIntensive Formel mit einem frischen Geschmack. Besonders hilfreich bei bakteriellen Ungleichgewichten in der Mundh\u00f6hle und bei Problemen des Zahnst\u00fctzgewebes.Geeignet f\u00fcr Menschen mit parodontalen Beschwerden, [&hellip;]<\/p>\n","protected":false},"author":1,"featured_media":0,"parent":0,"menu_order":0,"comment_status":"closed","ping_status":"closed","template":"","meta":{"footnotes":""},"class_list":["post-97","page","type-page","status-publish","hentry"],"_links":{"self":[{"href":"https:\/\/automat.kornblumen-apotheke.at\/index.php?rest_route=\/wp\/v2\/pages\/97","targetHints":{"allow":["GET"]}}],"collection":[{"href":"https:\/\/automat.kornblumen-apotheke.at\/index.php?rest_route=\/wp\/v2\/pages"}],"about":[{"href":"https:\/\/automat.kornblumen-apotheke.at\/index.php?rest_route=\/wp\/v2\/types\/page"}],"author":[{"embeddable":true,"href":"https:\/\/automat.kornblumen-apotheke.at\/index.php?rest_route=\/wp\/v2\/users\/1"}],"replies":[{"embeddable":true,"href":"https:\/\/automat.kornblumen-apotheke.at\/index.php?rest_route=%2Fwp%2Fv2%2Fcomments&post=97"}],"version-history":[{"count":1,"href":"https:\/\/automat.kornblumen-apotheke.at\/index.php?rest_route=\/wp\/v2\/pages\/97\/revisions"}],"predecessor-version":[{"id":99,"href":"https:\/\/automat.kornblumen-apotheke.at\/index.php?rest_route=\/wp\/v2\/pages\/97\/revisions\/99"}],"wp:attachment":[{"href":"https:\/\/automat.kornblumen-apotheke.at\/index.php?rest_route=%2Fwp%2Fv2%2Fmedia&parent=97"}],"curies":[{"name":"wp","href":"https:\/\/api.w.org\/{rel}","templated":true}]}}