{"id":94,"date":"2023-04-14T14:04:51","date_gmt":"2023-04-14T14:04:51","guid":{"rendered":"http:\/\/automat.kornblumen-apotheke.at\/?page_id=94"},"modified":"2023-04-14T14:04:51","modified_gmt":"2023-04-14T14:04:51","slug":"arnika-thermocreme","status":"publish","type":"page","link":"https:\/\/automat.kornblumen-apotheke.at\/?page_id=94","title":{"rendered":"ARNIKA ThermoCreme"},"content":{"rendered":"\n<figure class=\"wp-block-image size-full\"><img loading=\"lazy\" decoding=\"async\" width=\"421\" height=\"421\" src=\"http:\/\/automat.kornblumen-apotheke.at\/wp-content\/uploads\/2023\/04\/grafik-7.png\" alt=\"\" class=\"wp-image-95\" srcset=\"https:\/\/automat.kornblumen-apotheke.at\/wp-content\/uploads\/2023\/04\/grafik-7.png 421w, https:\/\/automat.kornblumen-apotheke.at\/wp-content\/uploads\/2023\/04\/grafik-7-300x300.png 300w, https:\/\/automat.kornblumen-apotheke.at\/wp-content\/uploads\/2023\/04\/grafik-7-150x150.png 150w\" sizes=\"auto, (max-width: 421px) 100vw, 421px\" \/><\/figure>\n\n\n\n<p>Creme, die eine wohltuende W\u00e4rme erzeugt und dabei Muskel- und Gelenkschmerzen lindert.<\/p>\n\n\n\n<p><strong>50 ml Tube<\/strong><\/p>\n\n\n\n<h2 class=\"wp-block-heading\">HINWEISE<\/h2>\n\n\n\n<p>\u200bEnth\u00e4lt synergistisch wirkende Aktivstoffe, wie Arnika und Teufelskralle, die die verspannte Muskulatur lockern und Muskel- und Gelenkbeschwerden intensiv lindern. Dar\u00fcber hinaus sorgt Capsicum-Oleoresin f\u00fcr eine wohltuende W\u00e4rme, welche die entspannende und lindernde Wirkung der Creme verst\u00e4rkt. Auch f\u00fcr Sportler geeignet.<\/p>\n\n\n\n<p><strong>HILFT, MUSKELVERSPANNUNGEN ZU LOCKERN UND MUSKEL- UND GELENKSCHMERZEN ZU LINDERN<\/strong><\/p>\n\n\n\n<h2 class=\"wp-block-heading\">ANWENDUNG<\/h2>\n\n\n\n<p>\u200bAuf die zu behandelnde Stelle graduell auftragen und sanft einmassieren. Bei empfindlicher Haut, nicht einmassieren, sondern die Creme langsam einziehen lassen, um ein zu starkes W\u00e4rmeempfinden zu vermeiden.<\/p>\n\n\n\n<p><strong>HINWEISE: <\/strong>Nach Gebrauch die H\u00e4nde sorgf\u00e4ltig mit kaltem Wasser waschen und Kontakt mit Augen, Nase, Mund und den empfindlichen K\u00f6rperstellen vermeiden.<br>Nicht auf die Schleimh\u00e4ute und verletzte Hautpartien auftragen. Nicht auf der empfindlichen und zu Reizungen neigenden Haut anwenden. Vor\u00fcbergehend kann Juckreiz auftreten.<\/p>\n\n\n\n<h2 class=\"wp-block-heading\">SICHERHEIT<\/h2>\n\n\n\n<ul class=\"wp-block-list\">\n<li>\u200b\u200b\u200bIn Zusammenarbeit mit Universit\u00e4tsinstituten entwickelt<\/li>\n\n\n\n<li>Dermatologisch getestet<\/li>\n\n\n\n<li>Nickel &lt; 0,0001 % (1 ppm)<br>PAO: 12M<\/li>\n<\/ul>\n\n\n\n<p><strong>Bergarnika-Extrakt durch \u00fcberkritische CO2-Extraktion gewonnen + Teufelskrallen-Extrakt<\/strong><br>Entspannt die Muskulatur bei l\u00e4ngeren Muskel- und Gelenkbelastungen<\/p>\n\n\n\n<p><strong>Capsicum-Oleoresin + Kampfer + \u00c4therisches Minz\u00f6l<\/strong><br>Intensiv durchblutungsf\u00f6rdernd, belebend und schmerzlindernd<\/p>\n\n\n\n<p><strong>Ethylnicotinat<br><\/strong>Hilfreich f\u00fcr das Wohlbefinden von Muskeln und Gelenken<\/p>\n\n\n\n<p><strong>BERGARNIKA<\/strong><br>Unser Bergarnika-Extrakt wird mit einem \u00fcberkritischen CO2-Extraktionsverfahren gewonnen und ist daher frei von L\u00f6sungsmittelr\u00fcckst\u00e4nden, anorganischen Salzen, Schwermetallen und lebensf\u00e4higen Mikroorganismen. Dar\u00fcber hinaus erm\u00f6glicht dieses besondere Verfahren die selektive und hochkonzentrierte Extraktion der aktiven lipophilen Bestandteile der Pflanze, die auf 4 % in Sesquiterpenlactonen eingestellt werden. Der Arnika-Extrakt lindert Muskelund Gelenkschmerzen und wird zur Behandlung von Verrenkungen, Muskelverspannungen, Kr\u00e4mpfen und Verstauchungen eingesetzt.<\/p>\n\n\n\n<p><strong>TEUFELSKRALLE<\/strong><br>Aufgrund der eigenartigen Form ihrer Frucht, holzig und zackig, mit Ausw\u00fcchsen, die wie \u201eKrallen&#8221; aussehen, wird diese krautige Pflanze aus dem tropischen Afrika (Harpagophytum procumbens) von den Einheimischen \u201eTeufelskralle&#8221; genannt. Dank der in der Wurzel enthaltenen Harpagoside wird aus der Teufelskralle ein Pflanzenextrakt gewonnen, der zu den meist verwendeten und wirksamsten in der Kosmetik f\u00fcr Sportler z\u00e4hlt. Nach den 50er Jahren wurden der Extrakt und seine Aktivstoffe von der wissenschaftlichen Gemeinschaft vielfach untersucht: nachgewiesen sind die lindernde Wirkung auf die Muskulatur und die wohltuende Wirkung bei Gelenkbeschwerden.<\/p>\n\n\n\n<p>INGREDIENTS:\u00a0 AQUA, C12-15 ALKYL BENZOATE, CETEARYL ALCOHOL, CAMPHOR, STEARETH-2, STEARIC ACID, GLYCERIN, PARAFFINUM LIQUIDUM, STEARETH-21, ARNICA MONTANA FLOWER EXTRACT, CAPSICUM FRUTESCENS RESIN, HARPAGOPHYTUM PROCUMBENS ROOT EXTRACT, ETHYL NICOTINATE, MENTHA PIPERITA AMERICAN HERB OIL, HELIANTHUS ANNUUS SEED OIL, TOCOPHEROL, DIMETHICONE, DISODIUM EDTA, ETHYLHEXYLGLYCERIN, BHA, LIMONENE, ETHYLPARABEN, METHYLPARABEN, PHENOXYETHANOL, PROPYLENE GLYCOL, PROPYLPARABEN, SODIUM DEHYDROACETATE, SORBITOL, TRIETHYL CITRATE.<\/p>\n","protected":false},"excerpt":{"rendered":"<p>Creme, die eine wohltuende W\u00e4rme erzeugt und dabei Muskel- und Gelenkschmerzen lindert. 50 ml Tube HINWEISE \u200bEnth\u00e4lt synergistisch wirkende Aktivstoffe, wie Arnika und Teufelskralle, die die verspannte Muskulatur lockern und Muskel- und Gelenkbeschwerden intensiv lindern. Dar\u00fcber hinaus sorgt Capsicum-Oleoresin f\u00fcr eine wohltuende W\u00e4rme, welche die entspannende und lindernde Wirkung der Creme verst\u00e4rkt. Auch f\u00fcr Sportler [&hellip;]<\/p>\n","protected":false},"author":1,"featured_media":0,"parent":0,"menu_order":0,"comment_status":"closed","ping_status":"closed","template":"","meta":{"footnotes":""},"class_list":["post-94","page","type-page","status-publish","hentry"],"_links":{"self":[{"href":"https:\/\/automat.kornblumen-apotheke.at\/index.php?rest_route=\/wp\/v2\/pages\/94","targetHints":{"allow":["GET"]}}],"collection":[{"href":"https:\/\/automat.kornblumen-apotheke.at\/index.php?rest_route=\/wp\/v2\/pages"}],"about":[{"href":"https:\/\/automat.kornblumen-apotheke.at\/index.php?rest_route=\/wp\/v2\/types\/page"}],"author":[{"embeddable":true,"href":"https:\/\/automat.kornblumen-apotheke.at\/index.php?rest_route=\/wp\/v2\/users\/1"}],"replies":[{"embeddable":true,"href":"https:\/\/automat.kornblumen-apotheke.at\/index.php?rest_route=%2Fwp%2Fv2%2Fcomments&post=94"}],"version-history":[{"count":1,"href":"https:\/\/automat.kornblumen-apotheke.at\/index.php?rest_route=\/wp\/v2\/pages\/94\/revisions"}],"predecessor-version":[{"id":96,"href":"https:\/\/automat.kornblumen-apotheke.at\/index.php?rest_route=\/wp\/v2\/pages\/94\/revisions\/96"}],"wp:attachment":[{"href":"https:\/\/automat.kornblumen-apotheke.at\/index.php?rest_route=%2Fwp%2Fv2%2Fmedia&parent=94"}],"curies":[{"name":"wp","href":"https:\/\/api.w.org\/{rel}","templated":true}]}}