{"id":63,"date":"2023-04-14T06:56:03","date_gmt":"2023-04-14T06:56:03","guid":{"rendered":"http:\/\/automat.kornblumen-apotheke.at\/?page_id=63"},"modified":"2023-04-18T10:23:26","modified_gmt":"2023-04-18T10:23:26","slug":"perskindol-gel","status":"publish","type":"page","link":"https:\/\/automat.kornblumen-apotheke.at\/?page_id=63","title":{"rendered":"Perskindol Gel"},"content":{"rendered":"\n<figure class=\"wp-block-image size-full is-resized\"><img loading=\"lazy\" decoding=\"async\" src=\"http:\/\/automat.kornblumen-apotheke.at\/wp-content\/uploads\/2023\/04\/grafik-6.png\" alt=\"\" class=\"wp-image-64\" width=\"149\" height=\"342\" srcset=\"https:\/\/automat.kornblumen-apotheke.at\/wp-content\/uploads\/2023\/04\/grafik-6.png 347w, https:\/\/automat.kornblumen-apotheke.at\/wp-content\/uploads\/2023\/04\/grafik-6-131x300.png 131w\" sizes=\"auto, (max-width: 149px) 100vw, 149px\" \/><\/figure>\n\n\n\n<h3 class=\"wp-block-heading\">PERSKINDOL Classic Gel<br>&nbsp;<\/h3>\n\n\n\n<p><strong><u>Zusammensetzung:<\/u><\/strong><\/p>\n\n\n\n<p>Was sind die Inhaltsstoffe von Perskindol Active Classic Gel?<\/p>\n\n\n\n<p>Zusammensetzung: Aqua, Caprylic\/Capric Triglyceride, Isopropyl Alcohol, Carbomer, Menthol, Pinus Sylvestris Oil, Tromethamine, Caprylyl Glycol, Acrylates\/C10-30 Alkyl Acrylate Crosspolymer, Citrus Aurantium Dulcis Oil, Gaultheria Procumbens Leaf Oil (enth\u00e4lt Methyl Salicylate), Ethyl Acetate, Citrus Bergamia Oil, Citrus Limon Peel Oil, Terpineol, Terpineol Acetate, Rosmarinus Officinalis Leaf Oil, Lavandula Angustifolia Oil, Limonene, Linalool, Citral, Geraniol, Citronellol.<\/p>\n\n\n\n<p>Enth\u00e4lt keine Parabene.<\/p>\n\n\n\n<p><strong><u>Gebrauchsanweisung:<\/u><\/strong><\/p>\n\n\n\n<p>Was ist Perskindol Active Classic Gel und wann und wie wird es angewendet?<\/p>\n\n\n\n<p>Perskindol Active Classic Gel ist ein erst k\u00fchlendes und anschlie\u00dfend w\u00e4rmendes Gel mit Menthol und \u00e4therischen \u00d6len.<\/p>\n\n\n\n<p>Das Auftragen von Perskindol Active Classic Gel hat eine einzigartige Doppelwirkung: Es wirkt sofort k\u00fchlend und beruhigend; beim Einmassieren hilft es, die Blutzirkulation anzuregen, was zu einem angenehmen W\u00e4rmegef\u00fchl und zur Muskelentspannung f\u00fchrt.<\/p>\n\n\n\n<p>Perskindol Active Classic Gel mit seinen erst k\u00fchlenden und anschlie\u00dfend w\u00e4rmenden Eigenschaften wird besonders empfohlen<\/p>\n\n\n\n<p>&#8211; zur Linderung von Schmerzen wie Muskelschmerzen und leichten posttraumatischen Schmerzen<\/p>\n\n\n\n<p>&#8211; zum Einreiben vor und w\u00e4hrend des Sports. Zur Anregung der Durchblutung und Entspannung der Muskulatur, zur Vorbeugung und\/oder Linderung von Muskelkater und Kr\u00e4mpfen<\/p>\n\n\n\n<p>&#8211; nach dem Sport zur K\u00fchlung, Lockerung und Entspannung beanspruchter Muskeln<\/p>\n","protected":false},"excerpt":{"rendered":"<p>PERSKINDOL Classic Gel&nbsp; Zusammensetzung: Was sind die Inhaltsstoffe von Perskindol Active Classic Gel? Zusammensetzung: Aqua, Caprylic\/Capric Triglyceride, Isopropyl Alcohol, Carbomer, Menthol, Pinus Sylvestris Oil, Tromethamine, Caprylyl Glycol, Acrylates\/C10-30 Alkyl Acrylate Crosspolymer, Citrus Aurantium Dulcis Oil, Gaultheria Procumbens Leaf Oil (enth\u00e4lt Methyl Salicylate), Ethyl Acetate, Citrus Bergamia Oil, Citrus Limon Peel Oil, Terpineol, Terpineol Acetate, Rosmarinus [&hellip;]<\/p>\n","protected":false},"author":1,"featured_media":0,"parent":0,"menu_order":0,"comment_status":"closed","ping_status":"closed","template":"","meta":{"footnotes":""},"class_list":["post-63","page","type-page","status-publish","hentry"],"_links":{"self":[{"href":"https:\/\/automat.kornblumen-apotheke.at\/index.php?rest_route=\/wp\/v2\/pages\/63","targetHints":{"allow":["GET"]}}],"collection":[{"href":"https:\/\/automat.kornblumen-apotheke.at\/index.php?rest_route=\/wp\/v2\/pages"}],"about":[{"href":"https:\/\/automat.kornblumen-apotheke.at\/index.php?rest_route=\/wp\/v2\/types\/page"}],"author":[{"embeddable":true,"href":"https:\/\/automat.kornblumen-apotheke.at\/index.php?rest_route=\/wp\/v2\/users\/1"}],"replies":[{"embeddable":true,"href":"https:\/\/automat.kornblumen-apotheke.at\/index.php?rest_route=%2Fwp%2Fv2%2Fcomments&post=63"}],"version-history":[{"count":3,"href":"https:\/\/automat.kornblumen-apotheke.at\/index.php?rest_route=\/wp\/v2\/pages\/63\/revisions"}],"predecessor-version":[{"id":161,"href":"https:\/\/automat.kornblumen-apotheke.at\/index.php?rest_route=\/wp\/v2\/pages\/63\/revisions\/161"}],"wp:attachment":[{"href":"https:\/\/automat.kornblumen-apotheke.at\/index.php?rest_route=%2Fwp%2Fv2%2Fmedia&parent=63"}],"curies":[{"name":"wp","href":"https:\/\/api.w.org\/{rel}","templated":true}]}}