{"id":237,"date":"2023-09-26T10:55:06","date_gmt":"2023-09-26T10:55:06","guid":{"rendered":"http:\/\/automat.kornblumen-apotheke.at\/?page_id=237"},"modified":"2023-09-26T10:55:06","modified_gmt":"2023-09-26T10:55:06","slug":"em-eukal-johannisbeere-gefullt-zuckerfrei-75-g","status":"publish","type":"page","link":"https:\/\/automat.kornblumen-apotheke.at\/?page_id=237","title":{"rendered":"Em-eukal Johannisbeere gef\u00fcllt, zuckerfrei, 75 g"},"content":{"rendered":"\n<figure class=\"wp-block-image size-full\"><img loading=\"lazy\" decoding=\"async\" width=\"768\" height=\"768\" src=\"http:\/\/automat.kornblumen-apotheke.at\/wp-content\/uploads\/2023\/09\/2430_EE_Johannisbeere_zfr_75g__2020.png\" alt=\"\" class=\"wp-image-238\" srcset=\"https:\/\/automat.kornblumen-apotheke.at\/wp-content\/uploads\/2023\/09\/2430_EE_Johannisbeere_zfr_75g__2020.png 768w, https:\/\/automat.kornblumen-apotheke.at\/wp-content\/uploads\/2023\/09\/2430_EE_Johannisbeere_zfr_75g__2020-300x300.png 300w, https:\/\/automat.kornblumen-apotheke.at\/wp-content\/uploads\/2023\/09\/2430_EE_Johannisbeere_zfr_75g__2020-150x150.png 150w\" sizes=\"auto, (max-width: 768px) 100vw, 768px\" \/><\/figure>\n\n\n\n<h2 class=\"wp-block-heading\">Au\u00dfen fruchtig. Innen k\u00f6stlich gef\u00fcllt.<\/h2>\n\n\n\n<h4 class=\"wp-block-heading\">Hustenbonbons mit S\u00fc\u00dfungsmitteln und Vitamin C<\/h4>\n\n\n\n<p>Erfrischung pur: Dieses Premiumbonbon mit dem Geschmack von Schwarzer Johannisbeere schmeckt fruchtig-frisch und \u00fcberrascht den Gaumen. Das T\u00fcpfelchen auf dem i? Seine k\u00f6stliche F\u00fcllung.<\/p>\n\n\n\n<ul class=\"wp-block-list\">\n<li><strong>Hustenbonbon<\/strong><\/li>\n\n\n\n<li>zuckerfrei<\/li>\n\n\n\n<li>mit Vitamin C<\/li>\n\n\n\n<li>mit leichter Mentholnote<\/li>\n\n\n\n<li>Nur echt mit der Fahne\u00ae<\/li>\n\n\n\n<li>Garant f\u00fcr h\u00f6chste Premiumqualit\u00e4t und Bonbonkochkunst<\/li>\n<\/ul>\n\n\n\n<p>Zutaten<\/p>\n\n\n\n<p>S\u00fc\u00dfungsmittel: Isomalt; Maltitsirup; Johannisbeerbl\u00e4tterextrakt; Johannisbeersaftkonzentrat; Vitamin C; nat\u00fcrliche Aromen; Menthol; Eukalyptus\u00f6l; gef\u00e4rbt mit: Hibiskusextrakt; Traubensaftkonzentrat; Karamell; S\u00e4uerungsmittel: Citronens\u00e4ure; Milchs\u00e4ure; Feuchthaltemittel: Glycerin; S\u00fc\u00dfungsmittel: Sucralose.<\/p>\n\n\n\n<p>Ern\u00e4hrungshinweis<\/p>\n\n\n\n<p>zuckerfrei: Kann bei \u00fcberm\u00e4\u00dfigem Verzehr abf\u00fchrend wirken.<\/p>\n\n\n\n<p>Sonstige Angaben<\/p>\n\n\n\n<p>Em-eukal Johannisbeere einfach genie\u00dfen und die Bedeutung einer abwechslungsreichen und ausgewogenen Ern\u00e4hrung und einer gesunden Lebensweise beachten.<\/p>\n","protected":false},"excerpt":{"rendered":"<p>Au\u00dfen fruchtig. Innen k\u00f6stlich gef\u00fcllt. Hustenbonbons mit S\u00fc\u00dfungsmitteln und Vitamin C Erfrischung pur: Dieses Premiumbonbon mit dem Geschmack von Schwarzer Johannisbeere schmeckt fruchtig-frisch und \u00fcberrascht den Gaumen. Das T\u00fcpfelchen auf dem i? Seine k\u00f6stliche F\u00fcllung. Zutaten S\u00fc\u00dfungsmittel: Isomalt; Maltitsirup; Johannisbeerbl\u00e4tterextrakt; Johannisbeersaftkonzentrat; Vitamin C; nat\u00fcrliche Aromen; Menthol; Eukalyptus\u00f6l; gef\u00e4rbt mit: Hibiskusextrakt; Traubensaftkonzentrat; Karamell; S\u00e4uerungsmittel: Citronens\u00e4ure; Milchs\u00e4ure; [&hellip;]<\/p>\n","protected":false},"author":1,"featured_media":0,"parent":0,"menu_order":0,"comment_status":"closed","ping_status":"closed","template":"","meta":{"footnotes":""},"class_list":["post-237","page","type-page","status-publish","hentry"],"_links":{"self":[{"href":"https:\/\/automat.kornblumen-apotheke.at\/index.php?rest_route=\/wp\/v2\/pages\/237","targetHints":{"allow":["GET"]}}],"collection":[{"href":"https:\/\/automat.kornblumen-apotheke.at\/index.php?rest_route=\/wp\/v2\/pages"}],"about":[{"href":"https:\/\/automat.kornblumen-apotheke.at\/index.php?rest_route=\/wp\/v2\/types\/page"}],"author":[{"embeddable":true,"href":"https:\/\/automat.kornblumen-apotheke.at\/index.php?rest_route=\/wp\/v2\/users\/1"}],"replies":[{"embeddable":true,"href":"https:\/\/automat.kornblumen-apotheke.at\/index.php?rest_route=%2Fwp%2Fv2%2Fcomments&post=237"}],"version-history":[{"count":1,"href":"https:\/\/automat.kornblumen-apotheke.at\/index.php?rest_route=\/wp\/v2\/pages\/237\/revisions"}],"predecessor-version":[{"id":239,"href":"https:\/\/automat.kornblumen-apotheke.at\/index.php?rest_route=\/wp\/v2\/pages\/237\/revisions\/239"}],"wp:attachment":[{"href":"https:\/\/automat.kornblumen-apotheke.at\/index.php?rest_route=%2Fwp%2Fv2%2Fmedia&parent=237"}],"curies":[{"name":"wp","href":"https:\/\/api.w.org\/{rel}","templated":true}]}}