{"id":234,"date":"2023-09-26T10:53:48","date_gmt":"2023-09-26T10:53:48","guid":{"rendered":"http:\/\/automat.kornblumen-apotheke.at\/?page_id=234"},"modified":"2023-09-26T10:53:48","modified_gmt":"2023-09-26T10:53:48","slug":"em-eukal-klassisch-zuckerhaltig-75-g","status":"publish","type":"page","link":"https:\/\/automat.kornblumen-apotheke.at\/?page_id=234","title":{"rendered":"Em-eukal Klassisch, zuckerhaltig, 75 g"},"content":{"rendered":"\n<figure class=\"wp-block-image size-full\"><img loading=\"lazy\" decoding=\"async\" width=\"768\" height=\"768\" src=\"http:\/\/automat.kornblumen-apotheke.at\/wp-content\/uploads\/2023\/09\/2405_EE_Klassisch_zh_75g__2020.png\" alt=\"\" class=\"wp-image-235\" srcset=\"https:\/\/automat.kornblumen-apotheke.at\/wp-content\/uploads\/2023\/09\/2405_EE_Klassisch_zh_75g__2020.png 768w, https:\/\/automat.kornblumen-apotheke.at\/wp-content\/uploads\/2023\/09\/2405_EE_Klassisch_zh_75g__2020-300x300.png 300w, https:\/\/automat.kornblumen-apotheke.at\/wp-content\/uploads\/2023\/09\/2405_EE_Klassisch_zh_75g__2020-150x150.png 150w\" sizes=\"auto, (max-width: 768px) 100vw, 768px\" \/><\/figure>\n\n\n\n<h4 class=\"wp-block-heading\">Hustenbonbons<\/h4>\n\n\n\n<p>Unser Klassiker ist ber\u00fchmt f\u00fcr seine starke Kombination aus Eukalyptus\u00f6l und Menthol. Und sorgt so immer und \u00fcberall f\u00fcr einen besonderen Geschmack, der Wirkung zeigt. Nach dem Originalrezept von Dr. Carl Soldan aus dem Jahr 1923.<\/p>\n\n\n\n<ul class=\"wp-block-list\">\n<li><strong>Hustenbonbon<\/strong><\/li>\n\n\n\n<li>Nur echt mit der Fahne\u00ae<\/li>\n\n\n\n<li>Garant f\u00fcr h\u00f6chste Premiumqualit\u00e4t und Bonbonkochkunst<\/li>\n<\/ul>\n\n\n\n<p>Zutaten<\/p>\n\n\n\n<p>Zucker; Glukosesirup; Karamell; Menthol; Eukalyptus\u00f6l.<\/p>\n\n\n\n<p>Ern\u00e4hrungshinweis<\/p>\n\n\n\n<p>Em-eukal Klassisch einfach genie\u00dfen und die Bedeutung einer abwechslungsreichen und ausgewogenen Ern\u00e4hrung und einer gesunden Lebensweise beachten.<\/p>\n","protected":false},"excerpt":{"rendered":"<p>Hustenbonbons Unser Klassiker ist ber\u00fchmt f\u00fcr seine starke Kombination aus Eukalyptus\u00f6l und Menthol. Und sorgt so immer und \u00fcberall f\u00fcr einen besonderen Geschmack, der Wirkung zeigt. Nach dem Originalrezept von Dr. Carl Soldan aus dem Jahr 1923. Zutaten Zucker; Glukosesirup; Karamell; Menthol; Eukalyptus\u00f6l. Ern\u00e4hrungshinweis Em-eukal Klassisch einfach genie\u00dfen und die Bedeutung einer abwechslungsreichen und ausgewogenen [&hellip;]<\/p>\n","protected":false},"author":1,"featured_media":0,"parent":0,"menu_order":0,"comment_status":"closed","ping_status":"closed","template":"","meta":{"footnotes":""},"class_list":["post-234","page","type-page","status-publish","hentry"],"_links":{"self":[{"href":"https:\/\/automat.kornblumen-apotheke.at\/index.php?rest_route=\/wp\/v2\/pages\/234","targetHints":{"allow":["GET"]}}],"collection":[{"href":"https:\/\/automat.kornblumen-apotheke.at\/index.php?rest_route=\/wp\/v2\/pages"}],"about":[{"href":"https:\/\/automat.kornblumen-apotheke.at\/index.php?rest_route=\/wp\/v2\/types\/page"}],"author":[{"embeddable":true,"href":"https:\/\/automat.kornblumen-apotheke.at\/index.php?rest_route=\/wp\/v2\/users\/1"}],"replies":[{"embeddable":true,"href":"https:\/\/automat.kornblumen-apotheke.at\/index.php?rest_route=%2Fwp%2Fv2%2Fcomments&post=234"}],"version-history":[{"count":1,"href":"https:\/\/automat.kornblumen-apotheke.at\/index.php?rest_route=\/wp\/v2\/pages\/234\/revisions"}],"predecessor-version":[{"id":236,"href":"https:\/\/automat.kornblumen-apotheke.at\/index.php?rest_route=\/wp\/v2\/pages\/234\/revisions\/236"}],"wp:attachment":[{"href":"https:\/\/automat.kornblumen-apotheke.at\/index.php?rest_route=%2Fwp%2Fv2%2Fmedia&parent=234"}],"curies":[{"name":"wp","href":"https:\/\/api.w.org\/{rel}","templated":true}]}}