{"id":230,"date":"2023-09-26T08:50:21","date_gmt":"2023-09-26T08:50:21","guid":{"rendered":"http:\/\/automat.kornblumen-apotheke.at\/?page_id=230"},"modified":"2023-09-26T08:50:22","modified_gmt":"2023-09-26T08:50:22","slug":"thermacare-bei-punktuellen-schmerzen","status":"publish","type":"page","link":"https:\/\/automat.kornblumen-apotheke.at\/?page_id=230","title":{"rendered":"THERMACARE\u00ae bei punktuellen Schmerzen"},"content":{"rendered":"\n<figure class=\"wp-block-image size-full\"><img loading=\"lazy\" decoding=\"async\" width=\"597\" height=\"449\" src=\"http:\/\/automat.kornblumen-apotheke.at\/wp-content\/uploads\/2023\/09\/thermacare_waermepflaster_bei_punktuellen-schmerzen_3er_pzn_13784687.png\" alt=\"\" class=\"wp-image-231\" srcset=\"https:\/\/automat.kornblumen-apotheke.at\/wp-content\/uploads\/2023\/09\/thermacare_waermepflaster_bei_punktuellen-schmerzen_3er_pzn_13784687.png 597w, https:\/\/automat.kornblumen-apotheke.at\/wp-content\/uploads\/2023\/09\/thermacare_waermepflaster_bei_punktuellen-schmerzen_3er_pzn_13784687-300x226.png 300w\" sizes=\"auto, (max-width: 597px) 100vw, 597px\" \/><\/figure>\n\n\n\n<p>Die ThermaCare\u00ae W\u00e4rmeauflagen f\u00fcr flexible Anwendung eignen sich besonders gut zur Behandlung von punktuellen Schmerzen. Die hautfreundlichen Auflagen mit 6 patentierten W\u00e4rmezellen sind flexibel einsetzbar und werden mit vier Klebepunkten auf der Haut angebracht.<\/p>\n\n\n\n<figure class=\"wp-block-image\"><img decoding=\"async\" src=\"https:\/\/www.thermacare.at\/media\/bhwd5tpa\/thermacare_waermepflaster_produkt_illustration_thermacare-bei-punktuellen_schmerzen.png?anchor=center&amp;mode=crop&amp;width=630&amp;height=280&amp;rnd=132810288529100000\" alt=\"\"\/><\/figure>\n\n\n\n<ul class=\"wp-block-list\">\n<li><img loading=\"lazy\" decoding=\"async\" src=\"https:\/\/www.thermacare.at\/media\/yyngx01v\/thermacare_waermepflaster_piktogramm_8h_tiefenwaerme.svg?mode=pad&amp;rnd=132810185297270000\" alt=\"\" width=\"90\" height=\"90\"><strong>8 Stunden<\/strong> Tiefenw\u00e4rme<\/li>\n\n\n\n<li><img loading=\"lazy\" decoding=\"async\" src=\"https:\/\/www.thermacare.at\/media\/p0nbymkh\/thermacare_waermepflaster_piktogramm_klebefla-chen.svg?mode=pad&amp;rnd=132810185303070000\" alt=\"\" width=\"90\" height=\"90\"><strong>4 hypoallergene<\/strong> Klebefl\u00e4chen<\/li>\n\n\n\n<li><img loading=\"lazy\" decoding=\"async\" src=\"https:\/\/www.thermacare.at\/media\/af2nwk5z\/thermacare_waermepflaster_piktogramm_ma\u00dfe.svg?mode=pad&amp;rnd=132810185305570000\" alt=\"\" width=\"90\" height=\"90\"><strong>18.8 x 9.8 cm<\/strong> W\u00e4rmefl\u00e4che<\/li>\n\n\n\n<li><img loading=\"lazy\" decoding=\"async\" src=\"https:\/\/www.thermacare.at\/media\/jjqdrrzo\/thermacare_waermepflaster_piktogramm_perfekter_halt.svg?mode=pad&amp;rnd=132810185307430000\" alt=\"\" width=\"90\" height=\"90\"><strong>Perfekter Halt<\/strong> am ganzen K\u00f6rper<\/li>\n<\/ul>\n\n\n\n<h2 class=\"wp-block-heading\">ANWENDUNG DER THERMACARE\u00ae W\u00c4RMEAUFLAGEN F\u00dcR PUNKTUELLE SCHMERZEN<\/h2>\n\n\n\n<p>Im Folgenden zeigen wir Ihnen die beispielhafte Anwendung der W\u00e4rmeauflage am R\u00fccken. F\u00fcr die Anwendung an anderen Stellen, zum Beispiel dem Oberschenkel, variieren die Schritte entsprechend.<\/p>\n\n\n\n<p>Das flexible W\u00e4rmepflaster kann nicht nur am oberen R\u00fccken angewendet werden, sondern eignet sich auch f\u00fcr die W\u00e4rmetherapie an Armen oder Beinen.<\/p>\n\n\n\n<p>Durch die ergonomische Form kann die ThermaCare\u00ae W\u00e4rmeauflage zur flexiblen Anwendung exakt auf die Stelle geklebt werden, wo Sie die punktuellen Schmerzen haben. Nach etwa 30 Minuten Erw\u00e4rmungszeit erreicht die W\u00e4rmeauflage die therapeutische Temperatur von ca. 40\u00b0C. Diese Temperatur wird f\u00fcr den Rest der Behandlungsdauer konstant gehalten. Tragen Sie ThermaCare\u00ae zur effektiven Linderung punktueller Schmerzen mindestens drei Stunden lang ununterbrochen \u2013 zur idealen Wirkung sollten Sie die W\u00e4rmeauflage bis zu 8 Stunden tragen.<\/p>\n\n\n\n<h2 class=\"wp-block-heading\">Wann wende ich ThermaCare\u00ae W\u00e4rmeauflagen f\u00fcr flexible Anwendung an?<\/h2>\n\n\n\n<p>Behandeln Sie bereits die ersten Anzeichen von punktuellen Schmerzen oder Verspannungen schnell, bevor Ihr Alltag nachhaltig beeintr\u00e4chtigt wird.<br>Die ThermaCare\u00ae W\u00e4rmeauflagen f\u00fcr die flexible Anwendung eignen sich insbesondere f\u00fcr die Behandlung von Muskel- und Gelenkschmerzen infolge von<\/p>\n\n\n\n<ul class=\"wp-block-list\">\n<li>Muskelverspannungen<\/li>\n\n\n\n<li>\u00dcberanstrengungen und abklingenden Zerrungen.<\/li>\n<\/ul>\n\n\n\n<p>Sie k\u00f6nnen die W\u00e4rmeauflagen f\u00fcr punktuelle Schmerzen sowohl bei chronischen als auch bei gelegentlich auftretenden Schmerzen nutzen.<\/p>\n\n\n\n<p>Wenden Sie die W\u00e4rmeauflagen nicht auf erkrankter, verletzter oder gesch\u00e4digter Haut, bei Prellungen und Schwellungen oder auf K\u00f6rperstellen ohne W\u00e4rmeempfindung an.<\/p>\n","protected":false},"excerpt":{"rendered":"<p>Die ThermaCare\u00ae W\u00e4rmeauflagen f\u00fcr flexible Anwendung eignen sich besonders gut zur Behandlung von punktuellen Schmerzen. Die hautfreundlichen Auflagen mit 6 patentierten W\u00e4rmezellen sind flexibel einsetzbar und werden mit vier Klebepunkten auf der Haut angebracht. ANWENDUNG DER THERMACARE\u00ae W\u00c4RMEAUFLAGEN F\u00dcR PUNKTUELLE SCHMERZEN Im Folgenden zeigen wir Ihnen die beispielhafte Anwendung der W\u00e4rmeauflage am R\u00fccken. F\u00fcr die [&hellip;]<\/p>\n","protected":false},"author":1,"featured_media":0,"parent":0,"menu_order":0,"comment_status":"closed","ping_status":"closed","template":"","meta":{"footnotes":""},"class_list":["post-230","page","type-page","status-publish","hentry"],"_links":{"self":[{"href":"https:\/\/automat.kornblumen-apotheke.at\/index.php?rest_route=\/wp\/v2\/pages\/230","targetHints":{"allow":["GET"]}}],"collection":[{"href":"https:\/\/automat.kornblumen-apotheke.at\/index.php?rest_route=\/wp\/v2\/pages"}],"about":[{"href":"https:\/\/automat.kornblumen-apotheke.at\/index.php?rest_route=\/wp\/v2\/types\/page"}],"author":[{"embeddable":true,"href":"https:\/\/automat.kornblumen-apotheke.at\/index.php?rest_route=\/wp\/v2\/users\/1"}],"replies":[{"embeddable":true,"href":"https:\/\/automat.kornblumen-apotheke.at\/index.php?rest_route=%2Fwp%2Fv2%2Fcomments&post=230"}],"version-history":[{"count":1,"href":"https:\/\/automat.kornblumen-apotheke.at\/index.php?rest_route=\/wp\/v2\/pages\/230\/revisions"}],"predecessor-version":[{"id":232,"href":"https:\/\/automat.kornblumen-apotheke.at\/index.php?rest_route=\/wp\/v2\/pages\/230\/revisions\/232"}],"wp:attachment":[{"href":"https:\/\/automat.kornblumen-apotheke.at\/index.php?rest_route=%2Fwp%2Fv2%2Fmedia&parent=230"}],"curies":[{"name":"wp","href":"https:\/\/api.w.org\/{rel}","templated":true}]}}