{"id":227,"date":"2023-09-26T08:49:32","date_gmt":"2023-09-26T08:49:32","guid":{"rendered":"http:\/\/automat.kornblumen-apotheke.at\/?page_id=227"},"modified":"2023-09-26T08:49:32","modified_gmt":"2023-09-26T08:49:32","slug":"thermacare-fur-nacken-und-schulter","status":"publish","type":"page","link":"https:\/\/automat.kornblumen-apotheke.at\/?page_id=227","title":{"rendered":"THERMACARE\u00ae f\u00fcr Nacken und Schulter"},"content":{"rendered":"\n<figure class=\"wp-block-image size-full\"><img loading=\"lazy\" decoding=\"async\" width=\"597\" height=\"449\" src=\"http:\/\/automat.kornblumen-apotheke.at\/wp-content\/uploads\/2023\/09\/thermacare_waermepflaster_fuer_nacken-schulter_2er_pzn_01690900.png\" alt=\"\" class=\"wp-image-228\" srcset=\"https:\/\/automat.kornblumen-apotheke.at\/wp-content\/uploads\/2023\/09\/thermacare_waermepflaster_fuer_nacken-schulter_2er_pzn_01690900.png 597w, https:\/\/automat.kornblumen-apotheke.at\/wp-content\/uploads\/2023\/09\/thermacare_waermepflaster_fuer_nacken-schulter_2er_pzn_01690900-300x226.png 300w\" sizes=\"auto, (max-width: 597px) 100vw, 597px\" \/><\/figure>\n\n\n\n<p>Die ThermaCare\u00ae W\u00e4rmeauflagen f\u00fcr Nacken &amp; Schulter eignen sich besonders gut zur Behandlung unspezifischer Schmerzen zum Beispiel durch Verspannungen in der Muskulatur, den Gelenken oder dem Gewebe im Nacken- und Schulterbereich. Nicht geeignet sind sie bei akuten Schmerzen durch Verletzungen, Entz\u00fcndungen oder Schwellungen. Die hautfreundlichen Auflagen mit 10 patentierten W\u00e4rmezellen sind ergonomisch geformt und werden mit zwei Klebepunkten auf die Haut geklebt.<\/p>\n\n\n\n<figure class=\"wp-block-image\"><img decoding=\"async\" src=\"https:\/\/www.thermacare.at\/media\/slcpemnc\/thermacare_waermepflaster_produkt_illustration_thermacare-fuer-nacken_schulter.png?anchor=center&amp;mode=crop&amp;width=630&amp;height=280&amp;rnd=132808692188700000\" alt=\"\"\/><\/figure>\n\n\n\n<ul class=\"wp-block-list\">\n<li><img loading=\"lazy\" decoding=\"async\" src=\"https:\/\/www.thermacare.at\/media\/tbjp1obz\/thermacare_waermepflaster_piktogramm_8h_tiefenwaerme.svg?mode=pad&amp;rnd=132808692638570000\" alt=\"\" width=\"90\" height=\"90\"><strong>Flexible<\/strong> Anpassung an die Bewegungen<\/li>\n\n\n\n<li><img loading=\"lazy\" decoding=\"async\" src=\"https:\/\/www.thermacare.at\/media\/mdtl51k3\/thermacare_waermepflaster_piktogramm_klebefla-chen.svg?mode=pad&amp;rnd=132808692187300000\" alt=\"\" width=\"90\" height=\"90\"><strong>2 hypoallergene<\/strong> Klebefl\u00e4chen<\/li>\n\n\n\n<li><img loading=\"lazy\" decoding=\"async\" src=\"https:\/\/www.thermacare.at\/media\/uuwnpgle\/thermacare_waermepflaster_piktogramm_ma\u00dfe.svg?mode=pad&amp;rnd=132808692184500000\" alt=\"\" width=\"90\" height=\"90\"><strong>29 x 6.5 cm<\/strong> W\u00e4rmefl\u00e4che<\/li>\n\n\n\n<li><img loading=\"lazy\" decoding=\"async\" src=\"https:\/\/www.thermacare.at\/media\/oo4h5bwt\/thermacare_waermepflaster_piktogramm_perfekter_halt.svg?mode=pad&amp;rnd=132808692186200000\" alt=\"\" width=\"90\" height=\"90\"><strong>12 Stunden<\/strong> therapeutische Tiefenw\u00e4rme<\/li>\n<\/ul>\n\n\n\n<h2 class=\"wp-block-heading\">ANWENDUNG DER THERMACARE\u00ae W\u00c4RMEPFLASTER F\u00dcR NACKEN UND SCHULTER<\/h2>\n\n\n\n<p>Durch die ergonomische Form kann die ThermaCare\u00ae W\u00e4rmeauflage punktgenau an der schmerzenden Stelle im Nacken- und Schulterbereich angebracht werden. Nach etwa 30 Minuten Erw\u00e4rmungszeit erreicht die W\u00e4rmeauflage die therapeutische Temperatur von ca. 40\u00b0C. Diese Temperatur wird f\u00fcr den Rest der Behandlungsdauer konstant gehalten. Tragen Sie ThermaCare\u00ae zur effektiven Linderung von Schmerzen in Nacken und Schulter mindestens 3 Stunden lang ununterbrochen \u2013 zur idealen Wirkung sollten Sie die W\u00e4rmeauflage bis zu 12 Stunden tragen. Wenn die Tiefenw\u00e4rme nachl\u00e4sst, nehmen Sie nicht sofort eine neue W\u00e4rmeauflage, sondern legen Sie eine Pause von 2 Stunden ein.<\/p>\n\n\n\n<h2 class=\"wp-block-heading\">Wann wende ich ThermaCare\u00ae W\u00e4rmepflaster f\u00fcr Nacken und Schulter an?<\/h2>\n\n\n\n<p>Behandeln Sie bereits die ersten Anzeichen von Nacken-und Schulterschmerzen oder Verspannungen schnell, bevor Sie Ihren Alltag nachhaltig beeintr\u00e4chtigen.<\/p>\n\n\n\n<p>Die ThermaCare\u00ae W\u00e4rmepflaster f\u00fcr Nacken und Schulter eignen sich insbesondere f\u00fcr die Behandlung von Muskel- und Gelenkschmerzen infolge von<\/p>\n\n\n\n<ul class=\"wp-block-list\">\n<li>Muskelverspannungen<\/li>\n\n\n\n<li>\u00dcberanstrengungen und abklingenden Zerrungen<\/li>\n\n\n\n<li>Arthrose<\/li>\n<\/ul>\n\n\n\n<p>Sie k\u00f6nnen die W\u00e4rmeauflagen sowohl bei chronischen als auch bei gelegentlich auftretenden Schmerzen nutzen.<\/p>\n\n\n\n<p>Wenden Sie die W\u00e4rmepflaster f\u00fcr Nacken und Schulter nicht auf erkrankter, verletzter oder gesch\u00e4digter Haut, bei Prellungen und Schwellungen oder auf K\u00f6rperstellen ohne W\u00e4rmeempfindung an.<\/p>\n","protected":false},"excerpt":{"rendered":"<p>Die ThermaCare\u00ae W\u00e4rmeauflagen f\u00fcr Nacken &amp; Schulter eignen sich besonders gut zur Behandlung unspezifischer Schmerzen zum Beispiel durch Verspannungen in der Muskulatur, den Gelenken oder dem Gewebe im Nacken- und Schulterbereich. Nicht geeignet sind sie bei akuten Schmerzen durch Verletzungen, Entz\u00fcndungen oder Schwellungen. Die hautfreundlichen Auflagen mit 10 patentierten W\u00e4rmezellen sind ergonomisch geformt und werden [&hellip;]<\/p>\n","protected":false},"author":1,"featured_media":0,"parent":0,"menu_order":0,"comment_status":"closed","ping_status":"closed","template":"","meta":{"footnotes":""},"class_list":["post-227","page","type-page","status-publish","hentry"],"_links":{"self":[{"href":"https:\/\/automat.kornblumen-apotheke.at\/index.php?rest_route=\/wp\/v2\/pages\/227","targetHints":{"allow":["GET"]}}],"collection":[{"href":"https:\/\/automat.kornblumen-apotheke.at\/index.php?rest_route=\/wp\/v2\/pages"}],"about":[{"href":"https:\/\/automat.kornblumen-apotheke.at\/index.php?rest_route=\/wp\/v2\/types\/page"}],"author":[{"embeddable":true,"href":"https:\/\/automat.kornblumen-apotheke.at\/index.php?rest_route=\/wp\/v2\/users\/1"}],"replies":[{"embeddable":true,"href":"https:\/\/automat.kornblumen-apotheke.at\/index.php?rest_route=%2Fwp%2Fv2%2Fcomments&post=227"}],"version-history":[{"count":1,"href":"https:\/\/automat.kornblumen-apotheke.at\/index.php?rest_route=\/wp\/v2\/pages\/227\/revisions"}],"predecessor-version":[{"id":229,"href":"https:\/\/automat.kornblumen-apotheke.at\/index.php?rest_route=\/wp\/v2\/pages\/227\/revisions\/229"}],"wp:attachment":[{"href":"https:\/\/automat.kornblumen-apotheke.at\/index.php?rest_route=%2Fwp%2Fv2%2Fmedia&parent=227"}],"curies":[{"name":"wp","href":"https:\/\/api.w.org\/{rel}","templated":true}]}}