{"id":217,"date":"2023-09-26T07:13:59","date_gmt":"2023-09-26T07:13:59","guid":{"rendered":"http:\/\/automat.kornblumen-apotheke.at\/?page_id=217"},"modified":"2023-09-26T07:13:59","modified_gmt":"2023-09-26T07:13:59","slug":"coronatest-vivadiag-pro","status":"publish","type":"page","link":"https:\/\/automat.kornblumen-apotheke.at\/?page_id=217","title":{"rendered":"Coronatest VivaDiag Pro"},"content":{"rendered":"\n<figure class=\"wp-block-image\"><img decoding=\"async\" src=\"blob:http:\/\/automat.kornblumen-apotheke.at\/dabcdb14-02ce-4a5e-b6dc-686727cb80ac\" alt=\"\"\/><\/figure>\n\n\n\n<p>Produktinformationen &#8220;VivaDiag Pro SARS-CoV-2 Ag Antigen Schnelltest (Einzelpkg)&#8221;<\/p>\n\n\n\n<p><strong>** akute Infektion ersichtlich ** einfach per Nasenabstrich ** Ergebnis in 15 Minuten ** Einzeltests ** Nachweis eines Kapselproteins des Virus (=Antigen) **<\/strong><\/p>\n\n\n\n<p>Der VivaDiag Pro SARS-CoV-2 Ag Antigen Schnelltest dient dem <strong>Nachweis eines Kapselproteins des Virus (=Antigen)<\/strong>, und kann dadurch eine <strong>akute Infektion an Covid-19 sichtbar<\/strong> machen. Der Test wird mittels einer Probenentnahme aus dem Nasen-\/Rachenraum durchgef\u00fchrt, in nur 15 Minuten kann der Test ausgewertet werden. Der Test ist f\u00fcr symptomatische und asymptomatische Personen geeignet, und kann ganz ohne Laborger\u00e4te auch mobil durchgef\u00fchrt werden. Optimal zum Screening von Personen, die mit SARS-Cov-2 Infizierten in Kontakt waren bzw. Personen, die in einem Hochrisiko-Umfeld besch\u00e4ftigt sind.<\/p>\n\n\n\n<ul class=\"wp-block-list\">\n<li>Kapselprotein des Virus (= Antigen) qualitativ mittels Immunoassay nachgewiesen<\/li>\n\n\n\n<li>Probenentnahme aus Nasen-\/ Rachenraum mit Hilfe eines St\u00e4bchens<\/li>\n\n\n\n<li>Kein Analyseger\u00e4t notwendig \u2013 \u00fcberall einsetzbar<\/li>\n\n\n\n<li>durch medizinisches Fachpersonal verwendbar<\/li>\n\n\n\n<li>Vorteil: akute Infektion ersichtlich<\/li>\n\n\n\n<li>Rasches Ergebnis in nur 15 Minuten<\/li>\n\n\n\n<li>F\u00fcr symptomatische und asymptomatische Patienten geeignet<\/li>\n\n\n\n<li>Screening von Personen, die mit SARS-CoV-2 Infizierten in Kontakt waren<\/li>\n\n\n\n<li>Screening von Personen, die in einem Hochrisiko-Umfeld besch\u00e4ftigt sind (Krankenhaus, Pflegeheim, Apothekenangestellte)<\/li>\n<\/ul>\n\n\n\n<p>&nbsp;<br><strong>Funktionsweise<\/strong>: Wenn ausreichend Virusantigen in der Probe vorhanden ist, bindet es an spezifische Antik\u00f6rper in der Testkassette \u2013 es erscheint ein farbiger Strich, der das Vorhandensein eines Proteins anzeigt, das Bestandteil des Virus ist.<\/p>\n\n\n\n<p><strong>M\u00f6glichkeiten der Probenentnahme:<\/strong><\/p>\n\n\n\n<ul class=\"wp-block-list\">\n<li><strong>Nasenabstrichprobe<br><\/strong>Es ist wichtig, so viel Sekret wie m\u00f6glich zu erhalten. F\u00fchren Sie den sterilen Tupfer in ein Nasenloch ein. Die Tupferspitze sollte bis zu 2,5 cm vom Rand des Nasenlochs entfernt eingef\u00fchrt werden. Rollen Sie den Tupfer 5 Mal \u00fcber die Schleimhaut im Nasenloch, um sicherzustellen, dass sowohl Schleim als auch Zellen gesammelt werden. Wiederholen Sie diesen Vorgang f\u00fcr das andere Nasenloch, um sicherzustellen, dass eine ausreichende Probe aus beiden Nasenh\u00f6hlen gesammelt wird (verwenden Sie denselben Tupfer).<\/li>\n\n\n\n<li><strong>Oropharyngealabstrichprobe (Rachenabstrich)<br><\/strong>Es ist wichtig, so viel Sekret wie m\u00f6glich zu erhalten. F\u00fchren Sie den sterilen Tupfer im Rachenraum an eine Stelle, die das meiste Sekret aus dem roten Bereich der Rachenwand und der Kiefermandeln aufweist, um die Probe des Rachenabstrichs aufzunehmen. Reiben Sie m\u00e4\u00dfig entlang der beiden Rachenmandeln und der Rachenwand, um die Probe zu erhalten. Bitte ber\u00fchren Sie nicht die Zunge, wenn Sie den Tupfer entfernen.<\/li>\n\n\n\n<li><strong>Nasopharyngealabstrichprobe (Nasen-Rachen-Abstrich) &#8211; <a href=\"https:\/\/youtu.be\/gkQR6y_aCsU\" target=\"_blank\" rel=\"noreferrer noopener\">Sehen Sie hier Probenentnahme und Test-Handhabung<\/a><br><\/strong>Es ist wichtig, so viel Sekret wie m\u00f6glich zu erhalten. F\u00fchren Sie den sterilen Tupfer in das Nasenloch ein, das unter Sichtpr\u00fcfung das meiste Sekret aufweist. Halten Sie den Tupfer in der N\u00e4he des Septumbodens der Nase, w\u00e4hren Sie den Tupfer vorsichtig in den hinteren Nasopharynx dr\u00fccken. Drehen Sie den Tupfer 5 Mal und entfernen Sie ihn dann aus dem Nasopharynx.<\/li>\n<\/ul>\n\n\n\n<p>Beim VivaDiag Pro SARS-CoV-2 Ag Antigen Schnelltest kann die Probenentnahme per Nasenabstrich, Rachenabstrich oder Nasen-Rachen-Abstrich durchgef\u00fchrt werden. Bitte beachten Sie die Hinweise in der Gebrauchsanweisung.<\/p>\n\n\n\n<p><strong>Packungsinhalt pro Einzelpackung<\/strong>:<\/p>\n\n\n\n<ul class=\"wp-block-list\">\n<li>1 Testkassette<\/li>\n\n\n\n<li>1 Extraktionsr\u00f6hrchen vorbef\u00fcllt mit Pufferl\u00f6sung<\/li>\n\n\n\n<li>1 Steriler Tupfer<\/li>\n\n\n\n<li>1 Packungsbeilage<\/li>\n<\/ul>\n\n\n\n<p><strong>Spezifikationen<\/strong><br>Testprinzip:&nbsp;&nbsp;&nbsp; chromatographischer Immunoassay<br>Probentyp:&nbsp;&nbsp;&nbsp; Nasalabstrich, Rachenabstrich, Nasen \/ Rachenabstrich<br>Probenvolumen:&nbsp;&nbsp;&nbsp; 60 \u00b5l<br>Testzeit:&nbsp;&nbsp;&nbsp; 15 Minuten<br>Umgebungstemperatur:&nbsp;&nbsp;&nbsp; 15-30\u00b0C<br>Lagertemperatur:&nbsp;&nbsp;&nbsp; 2-30\u00b0C<\/p>\n","protected":false},"excerpt":{"rendered":"<p>Produktinformationen &#8220;VivaDiag Pro SARS-CoV-2 Ag Antigen Schnelltest (Einzelpkg)&#8221; ** akute Infektion ersichtlich ** einfach per Nasenabstrich ** Ergebnis in 15 Minuten ** Einzeltests ** Nachweis eines Kapselproteins des Virus (=Antigen) ** Der VivaDiag Pro SARS-CoV-2 Ag Antigen Schnelltest dient dem Nachweis eines Kapselproteins des Virus (=Antigen), und kann dadurch eine akute Infektion an Covid-19 sichtbar [&hellip;]<\/p>\n","protected":false},"author":1,"featured_media":0,"parent":0,"menu_order":0,"comment_status":"closed","ping_status":"closed","template":"","meta":{"footnotes":""},"class_list":["post-217","page","type-page","status-publish","hentry"],"_links":{"self":[{"href":"https:\/\/automat.kornblumen-apotheke.at\/index.php?rest_route=\/wp\/v2\/pages\/217","targetHints":{"allow":["GET"]}}],"collection":[{"href":"https:\/\/automat.kornblumen-apotheke.at\/index.php?rest_route=\/wp\/v2\/pages"}],"about":[{"href":"https:\/\/automat.kornblumen-apotheke.at\/index.php?rest_route=\/wp\/v2\/types\/page"}],"author":[{"embeddable":true,"href":"https:\/\/automat.kornblumen-apotheke.at\/index.php?rest_route=\/wp\/v2\/users\/1"}],"replies":[{"embeddable":true,"href":"https:\/\/automat.kornblumen-apotheke.at\/index.php?rest_route=%2Fwp%2Fv2%2Fcomments&post=217"}],"version-history":[{"count":1,"href":"https:\/\/automat.kornblumen-apotheke.at\/index.php?rest_route=\/wp\/v2\/pages\/217\/revisions"}],"predecessor-version":[{"id":218,"href":"https:\/\/automat.kornblumen-apotheke.at\/index.php?rest_route=\/wp\/v2\/pages\/217\/revisions\/218"}],"wp:attachment":[{"href":"https:\/\/automat.kornblumen-apotheke.at\/index.php?rest_route=%2Fwp%2Fv2%2Fmedia&parent=217"}],"curies":[{"name":"wp","href":"https:\/\/api.w.org\/{rel}","templated":true}]}}