{"id":196,"date":"2023-05-22T16:18:01","date_gmt":"2023-05-22T16:18:01","guid":{"rendered":"http:\/\/automat.kornblumen-apotheke.at\/?page_id=196"},"modified":"2023-05-22T16:18:01","modified_gmt":"2023-05-22T16:18:01","slug":"bronchoplant-brustbalsam-kind","status":"publish","type":"page","link":"https:\/\/automat.kornblumen-apotheke.at\/?page_id=196","title":{"rendered":"Bronchoplant\u00ae Brustbalsam KIND"},"content":{"rendered":"\n<figure class=\"wp-block-image size-full\"><img loading=\"lazy\" decoding=\"async\" width=\"500\" height=\"500\" src=\"http:\/\/automat.kornblumen-apotheke.at\/wp-content\/uploads\/2023\/05\/grafik-6.png\" alt=\"\" class=\"wp-image-197\" srcset=\"https:\/\/automat.kornblumen-apotheke.at\/wp-content\/uploads\/2023\/05\/grafik-6.png 500w, https:\/\/automat.kornblumen-apotheke.at\/wp-content\/uploads\/2023\/05\/grafik-6-300x300.png 300w, https:\/\/automat.kornblumen-apotheke.at\/wp-content\/uploads\/2023\/05\/grafik-6-150x150.png 150w\" sizes=\"auto, (max-width: 500px) 100vw, 500px\" \/><\/figure>\n\n\n\n<h3 class=\"wp-block-heading\">Beschreibung<\/h3>\n\n\n\n<p>Bronchoplant<sup>\u00ae <\/sup>Brustbalsam f\u00fcr Kinder ist ein pflegendes Kosmetikum, welches als ideale Erg\u00e4nzung in der Erk\u00e4ltungszeit eingesetzt werden kann. Der Brustbalsam enth\u00e4lt Kampfer, Eukalyptus, Thymian, Rosmarin, Majoran und Latschenkiefer. Diese Wirkstoffe wirken befreiend und sorgen f\u00fcr ein erleichtertes Durchatmen, wirken reinigend und sch\u00fctzend auf Nase und Atemwege.<\/p>\n\n\n\n<h3 class=\"wp-block-heading\">Anwendung<\/h3>\n\n\n\n<p>Zum Einreiben einen halben Zentimeter auf den gewaschenen Finger geben und sanft auf der Haut (Brust, R\u00fccken, Hals) verteilen. Die Anwendung kann 2- bis 3- mal t\u00e4glich erfolgen. Bronchoplant<sup>\u00ae<\/sup> Brustbalsam f\u00fcr Kinder kann auch in Wasser gel\u00f6st und inhaliert werden. Zur Inhalation einen leicht geh\u00e4uften Teel\u00f6ffel in hei\u00dfes Wasser geben und durch Umr\u00fchren l\u00f6sen. Den Topf f\u00fcr Kinder unerreichbar aufstellen und mit dem Wasserdampf einnebeln. W\u00e4hrend der Anwendung sollten Fenster und T\u00fcren geschlossen gehalten werden.<\/p>\n\n\n\n<h4 class=\"wp-block-heading\">Inhaltsstoffe<\/h4>\n\n\n\n<p>Kokos\u00f6l raffiniert (bio), Beerenwachs, Kampfer, Rosmarin\u00f6l, Latschenkiefer\u00f6l, Eukalyptus\u00f6l, Thymian\u00f6l, Majoran\u00f6l.<\/p>\n\n\n\n<p>Der Brustbalsam ist vegan, frei von Silikon- und Mineral\u00f6l.<\/p>\n\n\n\n<h4 class=\"wp-block-heading\">Wichtige Hinweise<\/h4>\n\n\n\n<p>Nach der Anwendung die H\u00e4nde gr\u00fcndlich waschen. Augenkontakt meiden. Bei Augenkontakt sofort mit klarem Wasser sp\u00fclen. Bei Brennen oder anderen Symptomen im oder am Auge &nbsp;kontaktieren Sie Ihren Arzt oder Apotheker. Bei bekannter \u00dcberempfindlichkeit gegen einen der Inhaltsstoffe das Produkt nicht anwenden. Bei Unvertr\u00e4glichkeit (R\u00f6tung, Reizung, Jucken der Haut) abwaschen und Anwendung beenden.<\/p>\n\n\n\n<p><strong>Nicht f\u00fcr Asthmatiker geeignet.<\/strong><\/p>\n\n\n\n<p>Nicht anwenden bei Kindern, die zu Fieberkr\u00e4mpfen neigen.<\/p>\n\n\n\n<p>Ab dem vollendeten 4. Lebensjahr geeignet.<\/p>\n\n\n\n<h4 class=\"wp-block-heading\">Hinweise zur Schwangerschaft und Stillzeit<\/h4>\n\n\n\n<p>In der Schwangerschaft und w\u00e4hrend der Stillzeit ist die Anwendung nicht empfohlen.<\/p>\n\n\n\n<p>Au\u00dferhalb der Reichweite von Kindern aufbewahren. Trocken, vor Licht und W\u00e4rme gesch\u00fctzt lagern.<\/p>\n\n\n\n<h3 class=\"wp-block-heading\">Inhalt<\/h3>\n\n\n\n<p>50 ml<\/p>\n\n\n\n<h3 class=\"wp-block-heading\">Produktkategorie<\/h3>\n\n\n\n<p>Kosmetikum<\/p>\n\n\n\n<h3 class=\"wp-block-heading\">PZN<\/h3>\n\n\n\n<p>5727310<\/p>\n","protected":false},"excerpt":{"rendered":"<p>Beschreibung Bronchoplant\u00ae Brustbalsam f\u00fcr Kinder ist ein pflegendes Kosmetikum, welches als ideale Erg\u00e4nzung in der Erk\u00e4ltungszeit eingesetzt werden kann. Der Brustbalsam enth\u00e4lt Kampfer, Eukalyptus, Thymian, Rosmarin, Majoran und Latschenkiefer. Diese Wirkstoffe wirken befreiend und sorgen f\u00fcr ein erleichtertes Durchatmen, wirken reinigend und sch\u00fctzend auf Nase und Atemwege. Anwendung Zum Einreiben einen halben Zentimeter auf den [&hellip;]<\/p>\n","protected":false},"author":1,"featured_media":0,"parent":0,"menu_order":0,"comment_status":"closed","ping_status":"closed","template":"","meta":{"footnotes":""},"class_list":["post-196","page","type-page","status-publish","hentry"],"_links":{"self":[{"href":"https:\/\/automat.kornblumen-apotheke.at\/index.php?rest_route=\/wp\/v2\/pages\/196","targetHints":{"allow":["GET"]}}],"collection":[{"href":"https:\/\/automat.kornblumen-apotheke.at\/index.php?rest_route=\/wp\/v2\/pages"}],"about":[{"href":"https:\/\/automat.kornblumen-apotheke.at\/index.php?rest_route=\/wp\/v2\/types\/page"}],"author":[{"embeddable":true,"href":"https:\/\/automat.kornblumen-apotheke.at\/index.php?rest_route=\/wp\/v2\/users\/1"}],"replies":[{"embeddable":true,"href":"https:\/\/automat.kornblumen-apotheke.at\/index.php?rest_route=%2Fwp%2Fv2%2Fcomments&post=196"}],"version-history":[{"count":1,"href":"https:\/\/automat.kornblumen-apotheke.at\/index.php?rest_route=\/wp\/v2\/pages\/196\/revisions"}],"predecessor-version":[{"id":198,"href":"https:\/\/automat.kornblumen-apotheke.at\/index.php?rest_route=\/wp\/v2\/pages\/196\/revisions\/198"}],"wp:attachment":[{"href":"https:\/\/automat.kornblumen-apotheke.at\/index.php?rest_route=%2Fwp%2Fv2%2Fmedia&parent=196"}],"curies":[{"name":"wp","href":"https:\/\/api.w.org\/{rel}","templated":true}]}}