{"id":190,"date":"2023-05-22T16:16:52","date_gmt":"2023-05-22T16:16:52","guid":{"rendered":"http:\/\/automat.kornblumen-apotheke.at\/?page_id=190"},"modified":"2023-05-22T16:16:52","modified_gmt":"2023-05-22T16:16:52","slug":"bronchoplant-baby-nasenspray-ab-1-jahr","status":"publish","type":"page","link":"https:\/\/automat.kornblumen-apotheke.at\/?page_id=190","title":{"rendered":"Bronchoplant\u00ae Baby Nasenspray ab 1 Jahr"},"content":{"rendered":"\n<figure class=\"wp-block-image size-full\"><img loading=\"lazy\" decoding=\"async\" width=\"500\" height=\"500\" src=\"http:\/\/automat.kornblumen-apotheke.at\/wp-content\/uploads\/2023\/05\/grafik-4.png\" alt=\"\" class=\"wp-image-191\" srcset=\"https:\/\/automat.kornblumen-apotheke.at\/wp-content\/uploads\/2023\/05\/grafik-4.png 500w, https:\/\/automat.kornblumen-apotheke.at\/wp-content\/uploads\/2023\/05\/grafik-4-300x300.png 300w, https:\/\/automat.kornblumen-apotheke.at\/wp-content\/uploads\/2023\/05\/grafik-4-150x150.png 150w\" sizes=\"auto, (max-width: 500px) 100vw, 500px\" \/><\/figure>\n\n\n\n<h3 class=\"wp-block-heading\">Beschreibung<\/h3>\n\n\n\n<p>Bronchoplant<sup>\u00ae<\/sup> Baby Nasenspray ist eine hypertone L\u00f6sung (1,1 %) mit bretonischem Meerwasser, angereichert mit \u00e4therischem Orangen\u00f6l aus biologischem Anbau, Aloe Vera Gel, Kupfergluconat und Carboxymethyl-Betaglucan.<\/p>\n\n\n\n<h3 class=\"wp-block-heading\">Einsatz<\/h3>\n\n\n\n<p>Bronchoplant<sup>\u00ae<\/sup> Baby Nasenspray hilft die Nase vom Schleim zu befreien und hat eine sch\u00fctzende und beruhigende Wirkung auf die gereizte Nasenschleimhaut.<\/p>\n\n\n\n<h4 class=\"wp-block-heading\">Inhaltsstoffe<\/h4>\n\n\n\n<p>Wasser, Carboxymethyl-Betaglucan, Meerwasser, Aloe Vera Gel-Extrakt aus Aloe Barbadensis Bl\u00e4ttern, Natriumsorbat, Natrium-Methylparabene 0,2 %, \u00e4therisches Orangenschalen\u00f6l, Polysorbat 80, Kupfergluconat<\/p>\n\n\n\n<h4 class=\"wp-block-heading\">Dosierung<\/h4>\n\n\n\n<p>Eine Zerst\u00e4ubung pro Nasenloch 2- bis 4-mal t\u00e4glich, f\u00fcr 10 bis 15 Tage.<\/p>\n\n\n\n<h4 class=\"wp-block-heading\">Wichtige Hinweise<\/h4>\n\n\n\n<p>lindernd, beruhigend, feuchtigkeitsspendend, aufweichend, reinigend, schleimhautsch\u00fctzend.<\/p>\n\n\n\n<p>Gew\u00f6hnungseffekte oder die Entwicklung einer medikament\u00f6s bedingten Nasenschleimhautentz\u00fcndung (Rhinitis medicamentosa) sind bisher nicht bekannt. Geeignet f\u00fcr Kinder und Babys (ab 1 Jahr), Frauen in der Schwangerschaft und Stillperiode.<\/p>\n\n\n\n<p>Bitte lesen Sie vor der Anwendung sorgf\u00e4ltig die Gebrauchsinformation.<\/p>\n\n\n\n<p><a href=\"https:\/\/www.eca-aponova.at\/wp-content\/uploads\/2022\/04\/2021_05_13_Bronchoplant-Baby-Nasenspray_BP_Version_15_MJ_GP.pdf\" target=\"_blank\" rel=\"noreferrer noopener\"><\/a><a href=\"https:\/\/www.eca-aponova.at\/wp-content\/uploads\/2022\/04\/2021_05_13_Bronchoplant-Baby-Nasenspray_BP_Version_15_MJ_GP.pdf\" target=\"_blank\" rel=\"noreferrer noopener\"> Beipackzettel hier<br>downloaden<\/a><\/p>\n\n\n\n<h3 class=\"wp-block-heading\">Inhalt<\/h3>\n\n\n\n<p>20 ml<\/p>\n\n\n\n<h3 class=\"wp-block-heading\">Produktkategorie<\/h3>\n\n\n\n<p>Medizinprodukt<br>Kl 1<\/p>\n\n\n\n<h3 class=\"wp-block-heading\">PZN<\/h3>\n\n\n\n<p>5614244<\/p>\n","protected":false},"excerpt":{"rendered":"<p>Beschreibung Bronchoplant\u00ae Baby Nasenspray ist eine hypertone L\u00f6sung (1,1 %) mit bretonischem Meerwasser, angereichert mit \u00e4therischem Orangen\u00f6l aus biologischem Anbau, Aloe Vera Gel, Kupfergluconat und Carboxymethyl-Betaglucan. Einsatz Bronchoplant\u00ae Baby Nasenspray hilft die Nase vom Schleim zu befreien und hat eine sch\u00fctzende und beruhigende Wirkung auf die gereizte Nasenschleimhaut. Inhaltsstoffe Wasser, Carboxymethyl-Betaglucan, Meerwasser, Aloe Vera Gel-Extrakt [&hellip;]<\/p>\n","protected":false},"author":1,"featured_media":0,"parent":0,"menu_order":0,"comment_status":"closed","ping_status":"closed","template":"","meta":{"footnotes":""},"class_list":["post-190","page","type-page","status-publish","hentry"],"_links":{"self":[{"href":"https:\/\/automat.kornblumen-apotheke.at\/index.php?rest_route=\/wp\/v2\/pages\/190","targetHints":{"allow":["GET"]}}],"collection":[{"href":"https:\/\/automat.kornblumen-apotheke.at\/index.php?rest_route=\/wp\/v2\/pages"}],"about":[{"href":"https:\/\/automat.kornblumen-apotheke.at\/index.php?rest_route=\/wp\/v2\/types\/page"}],"author":[{"embeddable":true,"href":"https:\/\/automat.kornblumen-apotheke.at\/index.php?rest_route=\/wp\/v2\/users\/1"}],"replies":[{"embeddable":true,"href":"https:\/\/automat.kornblumen-apotheke.at\/index.php?rest_route=%2Fwp%2Fv2%2Fcomments&post=190"}],"version-history":[{"count":1,"href":"https:\/\/automat.kornblumen-apotheke.at\/index.php?rest_route=\/wp\/v2\/pages\/190\/revisions"}],"predecessor-version":[{"id":192,"href":"https:\/\/automat.kornblumen-apotheke.at\/index.php?rest_route=\/wp\/v2\/pages\/190\/revisions\/192"}],"wp:attachment":[{"href":"https:\/\/automat.kornblumen-apotheke.at\/index.php?rest_route=%2Fwp%2Fv2%2Fmedia&parent=190"}],"curies":[{"name":"wp","href":"https:\/\/api.w.org\/{rel}","templated":true}]}}