{"id":19,"date":"2023-04-03T14:55:39","date_gmt":"2023-04-03T14:55:39","guid":{"rendered":"http:\/\/automat.kornblumen-apotheke.at\/?page_id=19"},"modified":"2023-04-14T13:43:45","modified_gmt":"2023-04-14T13:43:45","slug":"halsplus","status":"publish","type":"page","link":"https:\/\/automat.kornblumen-apotheke.at\/?page_id=19","title":{"rendered":"HALSplus"},"content":{"rendered":"\n<figure class=\"wp-block-image size-full\"><img loading=\"lazy\" decoding=\"async\" width=\"421\" height=\"421\" src=\"http:\/\/automat.kornblumen-apotheke.at\/wp-content\/uploads\/2023\/04\/grafik-5.png\" alt=\"\" class=\"wp-image-45\" srcset=\"https:\/\/automat.kornblumen-apotheke.at\/wp-content\/uploads\/2023\/04\/grafik-5.png 421w, https:\/\/automat.kornblumen-apotheke.at\/wp-content\/uploads\/2023\/04\/grafik-5-300x300.png 300w, https:\/\/automat.kornblumen-apotheke.at\/wp-content\/uploads\/2023\/04\/grafik-5-150x150.png 150w\" sizes=\"auto, (max-width: 421px) 100vw, 421px\" \/><\/figure>\n\n\n\n<p>Nahrungserg\u00e4nzungsmittel auf der Basis von L\u00e4rchenextrakt LARIXICINA\u00ae, Propolis, Wegrauke und S\u00fc\u00dfholzwurzel.<br>Hilfreich bei Halsschmerzen, Stimmschw\u00e4che und Reizungen in der Mundh\u00f6hle. Wirkt antibakteriell dank LARIXICINA\u00ae.<\/p>\n\n\n\n<p><strong>20 Kaukapseln mit Softgel-Technologie<\/strong><br>FRISCHER KR\u00c4UTERGESCHMACK<\/p>\n\n\n\n<h2 class=\"wp-block-heading\">HINWEISE<\/h2>\n\n\n\n<p>\u200bDie antibakterielle Wirkung des L\u00e4rchenextrakts LARIXICINA\u00ae wird von In-vitro-Wirksamkeitstests belegt. Der Propolis-Extrakt ist in Galangin auf 12 % eingestellt und unterst\u00fctzt die antibakterielle Wirkung von LARIXICINA\u00ae. Der verwendete S\u00fc\u00dfholzwurzel- Extrakt wird aus der Wurzel der wertvollsten S\u00fc\u00dfholzart, der Glycyrrhiza glabra, gewonnen und ist auf 10 % in Glycyrrhizins\u00e4ure eingestellt. Die Dosierung der einzelnen Inhaltsstoffe gew\u00e4hrleistet die bestm\u00f6gliche lindernde Wirkung, die ideale Konsistenz der Kapself\u00fcllung und einen angenehmen Geschmack.<\/p>\n\n\n\n<h2 class=\"wp-block-heading\">ANWENDUNG<\/h2>\n\n\n\n<p>\u200b1 bis 4 Kapseln pro Tag kauen.<\/p>\n\n\n\n<h2 class=\"wp-block-heading\">SICHERHEIT<\/h2>\n\n\n\n<p>\u200b<strong>Hinweise<\/strong>: Die empfohlene Tagesdosis darf nicht \u00fcberschritten werden. Au\u00dferhalb der Reichweite von kleinen Kindern aufbewahren. Nahrungserg\u00e4nzungsmittel sind kein Ersatz f\u00fcr eine abwechslungsreiche und ausgewogene Ern\u00e4hrung sowie einen gesunden Lebensstil. Wegen der nat\u00fcrlichen Herkunft der Zutaten sind Farbvariationen der verschiedenen Chargen m\u00f6glich. Die eventuelle Phasentrennung hat keinen Einfluss auf die Qualit\u00e4t des Produktes. <strong>Aufbewahrung: <\/strong>K\u00fchl und trocken aufbewahren.<\/p>\n\n\n\n<p><br>GLUTENFREI<br>OHNE S\u00fc\u00dfungsmittel<br>OHNE Zuckerzusatz<br>OHNE Farbstoffe<br>OHNE Konservierungsstoffe<\/p>\n\n\n\n<p><strong>HALSBESCHWERDEN UND STIMMSCHW\u00c4CHE<\/strong><br>Die f\u00fcr die kalte Jahreszeit typischen Beschwerden und Entz\u00fcndungen im Halsbereich, wie die Grippe, Halsschmerzen, Rachen- oder Kehlkopfentz\u00fcndungen k\u00f6nnen zu einer Entz\u00fcndung der Stimmb\u00e4nder f\u00fchren, die sich im Kehlkopf befinden.<\/p>\n\n\n\n<p>Grunds\u00e4tzlich gibt es zwei Therapieans\u00e4tze:<br>\u2022 den entz\u00fcndeten Hals lindern und desinfizieren<br>\u2022 den \u00fcbersch\u00fcssigen Schleim, der sich in den Nebenh\u00f6hlen und Bronchien befindet, verfl\u00fcssigen, um seine Ausscheidung zu erleichtern.<\/p>\n\n\n\n<p>Bei Entz\u00fcndungen sollte schnell gehandelt werden, da ein bereits durch ein Virus geschw\u00e4chter Organismus anf\u00e4lliger ist f\u00fcr eine bakterielle \u00dcberinfektion, die eine Antibiotikatherapie erforderlich machen k\u00f6nnte.<\/p>\n\n\n\n<figure class=\"wp-block-image\"><img decoding=\"async\" src=\"https:\/\/assets.unifarco.it\/cataloghi\/de\/Immagini%20Prodotti\/test\/fokus-halsplus.JPG\" alt=\"\"\/><\/figure>\n\n\n\n<p>BESONDERHEITEN DER FORMEL<br><strong>SAFT MIT LARIXICINA\u00ae MIT ANTIMIKROBIELLER WIRKUNG<\/strong><br>LARIXICINA\u00ae ist ein innovativer, von den UNIFARCO-Labors erforschter und entwickelter Extrakt, der aus der Rinde der L\u00e4rche aus den Dolomiten gewonnen wird und eine hohe Konzentration an Polyphenolen und insbesondere Proanthocyanidinen aufweist.<br>Proanthocyanidine sind wirksam bei der Bek\u00e4mpfung einiger der h\u00e4ufigsten bakteriellen Atemwegsinfektionen.&nbsp;<br>LARIXICINA\u00ae besitzt eine durch In-vitro-Tests nachgewiesene antibakterielle Wirkung und ist das Ergebnis einer jahrelangen Forschung in enger Zusammenarbeit mit der Universit\u00e4t Padua und mit UNIR&amp;D, einem hochmodernen Labor f\u00fcr Grundlagenforschung.<br>Dieser Extrakt ist sehr n\u00fctzlich, um bei vorliegenden Virusinfektionen, wie zum Beispiel einer Grippe, eine bakterielle \u00dcberinfektion zu verhindern.<br>LARIXICINA\u00ae wird durch eine innovative und nachhaltige Technologie gewonnen, die einen Abfallstoff aus der Holzindustrie in einen wertvollen Aktivstoff verwandelt.<br>LARIXICINA\u00ae ist 100% Made in Italy, hat eine kurze Lieferkette und verf\u00fcgt \u00fcber die DNA-Zertifizierung \u201eDNABarcoding&#8221;, die seine Reinheit und Qualit\u00e4t gew\u00e4hrleistet.<\/p>\n\n\n\n<figure class=\"wp-block-image\"><img decoding=\"async\" src=\"https:\/\/assets.unifarco.it\/cataloghi\/de\/Immagini%20Prodotti\/test\/test-halsplus.JPG\" alt=\"\"\/><\/figure>\n\n\n\n<p><strong>LARIXICINA\u00ae hemmt bei allen getesteten Bakterienst\u00e4mmen das Bakterienwachstum deutlich besser als der Grapefruitkernextrakt.<\/strong><br>* Prozentuale Hemmung des Bakterienwachstums mit dem L\u00e4rchenextrakt LARIXICINA\u00ae im Vergleich zum Grapefruitkernextrakt (GSE) bei einer Konzentration von 200 \u03bcg\/ml. Bei UNIR&amp;D durchgef\u00fchrter Test.<\/p>\n","protected":false},"excerpt":{"rendered":"<p>Nahrungserg\u00e4nzungsmittel auf der Basis von L\u00e4rchenextrakt LARIXICINA\u00ae, Propolis, Wegrauke und S\u00fc\u00dfholzwurzel.Hilfreich bei Halsschmerzen, Stimmschw\u00e4che und Reizungen in der Mundh\u00f6hle. Wirkt antibakteriell dank LARIXICINA\u00ae. 20 Kaukapseln mit Softgel-TechnologieFRISCHER KR\u00c4UTERGESCHMACK HINWEISE \u200bDie antibakterielle Wirkung des L\u00e4rchenextrakts LARIXICINA\u00ae wird von In-vitro-Wirksamkeitstests belegt. Der Propolis-Extrakt ist in Galangin auf 12 % eingestellt und unterst\u00fctzt die antibakterielle Wirkung von LARIXICINA\u00ae. [&hellip;]<\/p>\n","protected":false},"author":1,"featured_media":0,"parent":0,"menu_order":0,"comment_status":"closed","ping_status":"closed","template":"","meta":{"footnotes":""},"class_list":["post-19","page","type-page","status-publish","hentry"],"_links":{"self":[{"href":"https:\/\/automat.kornblumen-apotheke.at\/index.php?rest_route=\/wp\/v2\/pages\/19","targetHints":{"allow":["GET"]}}],"collection":[{"href":"https:\/\/automat.kornblumen-apotheke.at\/index.php?rest_route=\/wp\/v2\/pages"}],"about":[{"href":"https:\/\/automat.kornblumen-apotheke.at\/index.php?rest_route=\/wp\/v2\/types\/page"}],"author":[{"embeddable":true,"href":"https:\/\/automat.kornblumen-apotheke.at\/index.php?rest_route=\/wp\/v2\/users\/1"}],"replies":[{"embeddable":true,"href":"https:\/\/automat.kornblumen-apotheke.at\/index.php?rest_route=%2Fwp%2Fv2%2Fcomments&post=19"}],"version-history":[{"count":2,"href":"https:\/\/automat.kornblumen-apotheke.at\/index.php?rest_route=\/wp\/v2\/pages\/19\/revisions"}],"predecessor-version":[{"id":46,"href":"https:\/\/automat.kornblumen-apotheke.at\/index.php?rest_route=\/wp\/v2\/pages\/19\/revisions\/46"}],"wp:attachment":[{"href":"https:\/\/automat.kornblumen-apotheke.at\/index.php?rest_route=%2Fwp%2Fv2%2Fmedia&parent=19"}],"curies":[{"name":"wp","href":"https:\/\/api.w.org\/{rel}","templated":true}]}}