{"id":187,"date":"2023-05-22T16:16:21","date_gmt":"2023-05-22T16:16:21","guid":{"rendered":"http:\/\/automat.kornblumen-apotheke.at\/?page_id=187"},"modified":"2023-05-22T16:16:21","modified_gmt":"2023-05-22T16:16:21","slug":"bronchoplant-nasenspray-forte","status":"publish","type":"page","link":"https:\/\/automat.kornblumen-apotheke.at\/?page_id=187","title":{"rendered":"Bronchoplant\u00ae Nasenspray forte"},"content":{"rendered":"\n<figure class=\"wp-block-image size-full\"><img loading=\"lazy\" decoding=\"async\" width=\"500\" height=\"500\" src=\"http:\/\/automat.kornblumen-apotheke.at\/wp-content\/uploads\/2023\/05\/grafik-3.png\" alt=\"\" class=\"wp-image-188\" srcset=\"https:\/\/automat.kornblumen-apotheke.at\/wp-content\/uploads\/2023\/05\/grafik-3.png 500w, https:\/\/automat.kornblumen-apotheke.at\/wp-content\/uploads\/2023\/05\/grafik-3-300x300.png 300w, https:\/\/automat.kornblumen-apotheke.at\/wp-content\/uploads\/2023\/05\/grafik-3-150x150.png 150w\" sizes=\"auto, (max-width: 500px) 100vw, 500px\" \/><\/figure>\n\n\n\n<h3 class=\"wp-block-heading\">Beschreibung<\/h3>\n\n\n\n<p>Bronchoplant<sup>\u00ae<\/sup> Nasenspray Forte ist eine hypertonische L\u00f6sung aus bretonischem Meerwasser mit nat\u00fcrlichen Komponenten: Pflanzenextrakte aus Echter Aloe und Schwarzer Johannisbeere, \u00e4therische \u00d6le aus Bergkiefer, australischem Teebaum und Zitrone.<\/p>\n\n\n\n<h3 class=\"wp-block-heading\">Einsatz<\/h3>\n\n\n\n<p>Der Spray wird als Hilfsbehandlung erster Wahl bei Sinusitis, Entz\u00fcndungen so wie Erk\u00e4ltungen und Rhinitis eingesetzt.<\/p>\n\n\n\n<p>Mehrfach-Aktivschutz f\u00fcr eine Tiefenreinigung der Nasenh\u00f6hlen mit abschwellender Wirkung.<\/p>\n\n\n\n<h4 class=\"wp-block-heading\">Inhaltsstoffe<\/h4>\n\n\n\n<p>Wasser, Meerwasser, Schwarzer Johannisbeerextrakt, Aloe Vera Trockenextrakt, \u00e4therisches Zitronen\u00f6l, Natrium Methylparaben, Polysorbat 80, \u00e4therisches Bergkiefern\u00f6l, \u00e4therisches australisches Teebaum\u00f6l.<\/p>\n\n\n\n<h4 class=\"wp-block-heading\">Dosierung<\/h4>\n\n\n\n<p>1 bis 2 Spr\u00fchst\u00f6\u00dfe pro Nasenloch, bis zu 4-mal t\u00e4glich.<\/p>\n\n\n\n<h4 class=\"wp-block-heading\">Mehrfach-Wirkung<\/h4>\n\n\n\n<p>lindernd, abschwellend, befeuchtend, reinigend, schleiml\u00f6send. Enth\u00e4lt keine gef\u00e4\u00dfverengenden Substanzen. Kein Gew\u00f6hnungseffekt. Enth\u00e4lt kein Treibgas.<\/p>\n\n\n\n<p>Bitte lesen Sie vor der Anwendung sorgf\u00e4ltig die Gebrauchsinformation.<\/p>\n\n\n\n<p><a href=\"https:\/\/www.eca-aponova.at\/wp-content\/uploads\/2022\/04\/2021_02_02_Bronchoplant-Nasenspray-forte_BP_Version_06_MJ_GP.pdf\" target=\"_blank\" rel=\"noreferrer noopener\"><\/a><a href=\"https:\/\/www.eca-aponova.at\/wp-content\/uploads\/2022\/04\/2021_02_02_Bronchoplant-Nasenspray-forte_BP_Version_06_MJ_GP.pdf\" target=\"_blank\" rel=\"noreferrer noopener\"> Beipackzettel hier<br>downloaden<\/a><\/p>\n\n\n\n<h3 class=\"wp-block-heading\">Inhalt<\/h3>\n\n\n\n<p>30 ml<\/p>\n\n\n\n<h3 class=\"wp-block-heading\">Produktkategorie<\/h3>\n\n\n\n<p>Medizinprodukt<br>Kl 1<\/p>\n\n\n\n<h3 class=\"wp-block-heading\">PZN<\/h3>\n\n\n\n<p>5463259<\/p>\n","protected":false},"excerpt":{"rendered":"<p>Beschreibung Bronchoplant\u00ae Nasenspray Forte ist eine hypertonische L\u00f6sung aus bretonischem Meerwasser mit nat\u00fcrlichen Komponenten: Pflanzenextrakte aus Echter Aloe und Schwarzer Johannisbeere, \u00e4therische \u00d6le aus Bergkiefer, australischem Teebaum und Zitrone. Einsatz Der Spray wird als Hilfsbehandlung erster Wahl bei Sinusitis, Entz\u00fcndungen so wie Erk\u00e4ltungen und Rhinitis eingesetzt. Mehrfach-Aktivschutz f\u00fcr eine Tiefenreinigung der Nasenh\u00f6hlen mit abschwellender Wirkung. [&hellip;]<\/p>\n","protected":false},"author":1,"featured_media":0,"parent":0,"menu_order":0,"comment_status":"closed","ping_status":"closed","template":"","meta":{"footnotes":""},"class_list":["post-187","page","type-page","status-publish","hentry"],"_links":{"self":[{"href":"https:\/\/automat.kornblumen-apotheke.at\/index.php?rest_route=\/wp\/v2\/pages\/187","targetHints":{"allow":["GET"]}}],"collection":[{"href":"https:\/\/automat.kornblumen-apotheke.at\/index.php?rest_route=\/wp\/v2\/pages"}],"about":[{"href":"https:\/\/automat.kornblumen-apotheke.at\/index.php?rest_route=\/wp\/v2\/types\/page"}],"author":[{"embeddable":true,"href":"https:\/\/automat.kornblumen-apotheke.at\/index.php?rest_route=\/wp\/v2\/users\/1"}],"replies":[{"embeddable":true,"href":"https:\/\/automat.kornblumen-apotheke.at\/index.php?rest_route=%2Fwp%2Fv2%2Fcomments&post=187"}],"version-history":[{"count":1,"href":"https:\/\/automat.kornblumen-apotheke.at\/index.php?rest_route=\/wp\/v2\/pages\/187\/revisions"}],"predecessor-version":[{"id":189,"href":"https:\/\/automat.kornblumen-apotheke.at\/index.php?rest_route=\/wp\/v2\/pages\/187\/revisions\/189"}],"wp:attachment":[{"href":"https:\/\/automat.kornblumen-apotheke.at\/index.php?rest_route=%2Fwp%2Fv2%2Fmedia&parent=187"}],"curies":[{"name":"wp","href":"https:\/\/api.w.org\/{rel}","templated":true}]}}