{"id":18,"date":"2023-04-03T14:55:38","date_gmt":"2023-04-03T14:55:38","guid":{"rendered":"http:\/\/automat.kornblumen-apotheke.at\/?page_id=18"},"modified":"2023-04-14T13:43:56","modified_gmt":"2023-04-14T13:43:56","slug":"panthenol-hautschutzende-creme","status":"publish","type":"page","link":"https:\/\/automat.kornblumen-apotheke.at\/?page_id=18","title":{"rendered":"PANTHENOL Hautsch\u00fctzende Creme"},"content":{"rendered":"\n<h2 class=\"wp-block-heading\">5% PANTHENOL Hautsch\u00fctzende Creme<\/h2>\n\n\n\n<figure class=\"wp-block-image size-full\"><img loading=\"lazy\" decoding=\"async\" width=\"421\" height=\"421\" src=\"http:\/\/automat.kornblumen-apotheke.at\/wp-content\/uploads\/2023\/04\/grafik-3.png\" alt=\"\" class=\"wp-image-39\" srcset=\"https:\/\/automat.kornblumen-apotheke.at\/wp-content\/uploads\/2023\/04\/grafik-3.png 421w, https:\/\/automat.kornblumen-apotheke.at\/wp-content\/uploads\/2023\/04\/grafik-3-300x300.png 300w, https:\/\/automat.kornblumen-apotheke.at\/wp-content\/uploads\/2023\/04\/grafik-3-150x150.png 150w\" sizes=\"auto, (max-width: 421px) 100vw, 421px\" \/><\/figure>\n\n\n\n<p>Reichhaltige, regenerierende und sch\u00fctzende W\/\u00d6-Creme mit einem hohen Gehalt an Lipiden. Ohne Duftstoffe.<\/p>\n\n\n\n<p><strong>100 ml Tube<\/strong><br><strong>Ohne Duftstoffe<\/strong><\/p>\n\n\n\n<h2 class=\"wp-block-heading\">HINWEISE<\/h2>\n\n\n\n<p>\u200bEnth\u00e4lt eine synergistisch wirkende Mischung aus Aktivstoffen, darunter Panthenol 5 %, Omega-6-Komplex und Squalan, die die nat\u00fcrliche Regeneration der Haut f\u00f6rdert. Panthenol 5% enth\u00e4lt die ideale Menge an Panthenol, um eine optimale, regenerierende und sch\u00fctzende Wirkung zu entfalten. Die Wasser-in-\u00d6l Formel bildet einen langanhaltenden Schutzfilm. Diese Creme hilft, Austrocknung, Schuppung, Rissen und Reizungen, die auf \u00e4u\u00dferen Einfl\u00fcssen beruhen, vorzubeugen und zu lindern. Ideal als After-Tattoo-Pflege. Auch f\u00fcr die empfindliche Haut von Kindern und Senioren geeignet.<\/p>\n\n\n\n<p><strong>STRAPAZIERTE HAUT WIRD REGENERIERT, GESCH\u00dcTZT UND AUFGEBAUT<\/strong><\/p>\n\n\n\n<h2 class=\"wp-block-heading\">ANWENDUNG<\/h2>\n\n\n\n<p>\u200bJe nach Bedarf, auch mehrmals t\u00e4glich und insbesondere nach der Verwendung von Reinigungsmitteln und \u00fcberm\u00e4\u00dfigem Kontakt mit Wasser auftragen.<\/p>\n\n\n\n<h2 class=\"wp-block-heading\">SICHERHEIT<\/h2>\n\n\n\n<ul class=\"wp-block-list\">\n<li>Formuliert, um das Allergierisiko zu minimieren<\/li>\n\n\n\n<li>Auf der empfindlichen Haut dermatologisch getestet<\/li>\n\n\n\n<li>Nickel und Parabene &lt; 0,0001 % (1 ppm)<br>PAO: 12M<\/li>\n<\/ul>\n\n\n\n<h2 class=\"wp-block-heading\"><br><\/h2>\n\n\n\n<p><strong>PANTHENOL 5%<\/strong><br>Sch\u00fctzt, beruhigt und baut die Hautbarriere auf, langanhaltende Wirkung<\/p>\n\n\n\n<p><strong>OMEGA-6-KOMPLEX<br>(LINOLS\u00c4URE-LINOLENS\u00c4URE)<\/strong><br>R\u00fcckfettende Wirkung, baut die Hautbarriere auf<\/p>\n\n\n\n<p><strong>KARIT\u00c9BUTTER<\/strong><br>Pflegt und n\u00e4hrt, wirkt gegen trockene Haut<\/p>\n\n\n\n<p><strong>VITAMIN E<\/strong><br>Wirkt antioxidativ, r\u00fcckfettend<\/p>\n\n\n\n<p><\/p>\n","protected":false},"excerpt":{"rendered":"<p>5% PANTHENOL Hautsch\u00fctzende Creme Reichhaltige, regenerierende und sch\u00fctzende W\/\u00d6-Creme mit einem hohen Gehalt an Lipiden. Ohne Duftstoffe. 100 ml TubeOhne Duftstoffe HINWEISE \u200bEnth\u00e4lt eine synergistisch wirkende Mischung aus Aktivstoffen, darunter Panthenol 5 %, Omega-6-Komplex und Squalan, die die nat\u00fcrliche Regeneration der Haut f\u00f6rdert. Panthenol 5% enth\u00e4lt die ideale Menge an Panthenol, um eine optimale, regenerierende [&hellip;]<\/p>\n","protected":false},"author":1,"featured_media":0,"parent":0,"menu_order":0,"comment_status":"closed","ping_status":"closed","template":"","meta":{"footnotes":""},"class_list":["post-18","page","type-page","status-publish","hentry"],"_links":{"self":[{"href":"https:\/\/automat.kornblumen-apotheke.at\/index.php?rest_route=\/wp\/v2\/pages\/18","targetHints":{"allow":["GET"]}}],"collection":[{"href":"https:\/\/automat.kornblumen-apotheke.at\/index.php?rest_route=\/wp\/v2\/pages"}],"about":[{"href":"https:\/\/automat.kornblumen-apotheke.at\/index.php?rest_route=\/wp\/v2\/types\/page"}],"author":[{"embeddable":true,"href":"https:\/\/automat.kornblumen-apotheke.at\/index.php?rest_route=\/wp\/v2\/users\/1"}],"replies":[{"embeddable":true,"href":"https:\/\/automat.kornblumen-apotheke.at\/index.php?rest_route=%2Fwp%2Fv2%2Fcomments&post=18"}],"version-history":[{"count":5,"href":"https:\/\/automat.kornblumen-apotheke.at\/index.php?rest_route=\/wp\/v2\/pages\/18\/revisions"}],"predecessor-version":[{"id":44,"href":"https:\/\/automat.kornblumen-apotheke.at\/index.php?rest_route=\/wp\/v2\/pages\/18\/revisions\/44"}],"wp:attachment":[{"href":"https:\/\/automat.kornblumen-apotheke.at\/index.php?rest_route=%2Fwp%2Fv2%2Fmedia&parent=18"}],"curies":[{"name":"wp","href":"https:\/\/api.w.org\/{rel}","templated":true}]}}