{"id":177,"date":"2023-05-02T10:16:09","date_gmt":"2023-05-02T10:16:09","guid":{"rendered":"http:\/\/automat.kornblumen-apotheke.at\/?page_id=177"},"modified":"2023-05-02T10:16:10","modified_gmt":"2023-05-02T10:16:10","slug":"magnofit-ultra-der-tagliche-power-stick","status":"publish","type":"page","link":"https:\/\/automat.kornblumen-apotheke.at\/?page_id=177","title":{"rendered":"Magnofit\u00ae ULTRA \u2013der t\u00e4gliche Power-Stick"},"content":{"rendered":"\n<figure class=\"wp-block-image size-large\"><img loading=\"lazy\" decoding=\"async\" width=\"1024\" height=\"966\" src=\"http:\/\/automat.kornblumen-apotheke.at\/wp-content\/uploads\/2023\/05\/grafik-1-1024x966.png\" alt=\"\" class=\"wp-image-178\" srcset=\"https:\/\/automat.kornblumen-apotheke.at\/wp-content\/uploads\/2023\/05\/grafik-1-1024x966.png 1024w, https:\/\/automat.kornblumen-apotheke.at\/wp-content\/uploads\/2023\/05\/grafik-1-300x283.png 300w, https:\/\/automat.kornblumen-apotheke.at\/wp-content\/uploads\/2023\/05\/grafik-1-768x724.png 768w, https:\/\/automat.kornblumen-apotheke.at\/wp-content\/uploads\/2023\/05\/grafik-1.png 1269w\" sizes=\"auto, (max-width: 1024px) 100vw, 1024px\" \/><\/figure>\n\n\n\n<p>Sie gehen oft an die Leistungsgrenzen ihres K\u00f6rpers? Sie trainieren oder arbeiten k\u00f6rperlich sehr hart? Sie haben ein hohes Ma\u00df an Gesundheitsbewusstsein und lieben es, fit zu sein?<br><strong>Magnofit<sup>\u00ae<\/sup> ULTRA ist da Ihr richtiger Partner!<\/strong><\/p>\n\n\n\n<p>pro Stick<\/p>\n\n\n\n<p>400 mg<\/p>\n\n\n\n<p>Magnesium Direktgranulat<\/p>\n\n\n\n<p>Tagesdosis<\/p>\n\n\n\n<p>1 x t\u00e4glich<\/p>\n\n\n\n<p>Zitronengeschmack<\/p>\n\n\n\n<p>erfrischend<\/p>\n\n\n\n<p>Packungsgr\u00f6\u00dfen Magnofit<sup>\u00ae<\/sup> ULTRA<\/p>\n\n\n\n<p>20 \/ 40 Sticks<\/p>\n\n\n\n<p>Einnahme<\/p>\n\n\n\n<p>ohne Fl\u00fcssigkeit<\/p>\n\n\n\n<figure class=\"wp-block-image\"><img decoding=\"async\" src=\"https:\/\/www.magnofit.at\/-\/media\/magnofitat\/new_images\/energizer_icon_1.png?la=de-at\" alt=\"Produktinformation\" title=\"Produktinformation\"\/><\/figure>\n\n\n\n<p><strong>Produktinformationen<\/strong><\/p>\n\n\n\n<ul class=\"wp-block-list\">\n<li>Magnesium Direktgranulat mit 400 mg Magnesium pro Stick<\/li>\n\n\n\n<li>1 x t\u00e4glich<\/li>\n\n\n\n<li>Ohne Fl\u00fcssigkeit<\/li>\n\n\n\n<li>Erfrischender Zitronengeschmack<\/li>\n<\/ul>\n\n\n\n<figure class=\"wp-block-image\"><img decoding=\"async\" src=\"https:\/\/www.magnofit.at\/-\/media\/magnofitat\/new_images\/energizer_icon_2.png?la=de-at\" alt=\"Vertr\u00e4glichkeit\" title=\"Vertr\u00e4glichkeit\"\/><\/figure>\n\n\n\n<p><strong>Dieses Produkt ist frei von &#8230;<\/strong><\/p>\n\n\n\n<ul class=\"wp-block-list\">\n<li>Zucker<\/li>\n\n\n\n<li>Laktose<\/li>\n\n\n\n<li>Gluten<\/li>\n<\/ul>\n\n\n\n<p>&#8230; und ist daher f\u00fcr Veganer geeignet.<\/p>\n\n\n\n<p><a href=\"https:\/\/www.magnofit.at\/-\/media\/magnofitat\/new_pdf\/magnofit_ultra_pil.pdf?la=de-at\" target=\"_blank\" rel=\"noreferrer noopener\">Gebrauchsanweisung<\/a><\/p>\n\n\n\n<h2 class=\"wp-block-heading\"><strong>N\u00e4hrwerte<\/strong><\/h2>\n\n\n\n<p><a href=\"https:\/\/www.magnofit.at\/de-at\/magnofit-ultra\"><\/a><\/p>\n\n\n\n<figure class=\"wp-block-table\"><table><tbody><tr><th>N\u00c4HRWERTTABELLE<\/th><th>pro 100 g<\/th><th>pro Stick\/Tagesdosis<\/th><\/tr><tr><td>Brennwert<\/td><td>487,6 kJ (114 kcal)<\/td><td>6,5 kJ (1,5 kcal)<\/td><\/tr><tr><td>Eiwei\u00df<\/td><td>&lt; 0,1=&#8221;&#8221;&gt;<\/td><td>&lt; 0,1=&#8221;&#8221;&gt;<\/td><\/tr><tr><td>Kohlenhydrate<\/td><td>16 g<\/td><td>0,2 g<\/td><\/tr><tr><td>Fett<\/td><td>&lt; 0,1=&#8221;&#8221;&gt;<\/td><td>&lt; 0,1=&#8221;&#8221;&gt;<\/td><\/tr><tr><td>Magnesium<\/td><td>30,769 mg<\/td><td>400 mg*<\/td><\/tr><\/tbody><\/table><\/figure>\n\n\n\n<p>* Entspricht 107% der empfohlenen Tagesdosis (NRV).<br>Hinweis f\u00fcr Diabetiker: Ein Stick entspricht 0,02 Broteinheiten.<\/p>\n","protected":false},"excerpt":{"rendered":"<p>Sie gehen oft an die Leistungsgrenzen ihres K\u00f6rpers? Sie trainieren oder arbeiten k\u00f6rperlich sehr hart? Sie haben ein hohes Ma\u00df an Gesundheitsbewusstsein und lieben es, fit zu sein?Magnofit\u00ae ULTRA ist da Ihr richtiger Partner! pro Stick 400 mg Magnesium Direktgranulat Tagesdosis 1 x t\u00e4glich Zitronengeschmack erfrischend Packungsgr\u00f6\u00dfen Magnofit\u00ae ULTRA 20 \/ 40 Sticks Einnahme ohne [&hellip;]<\/p>\n","protected":false},"author":1,"featured_media":0,"parent":0,"menu_order":0,"comment_status":"closed","ping_status":"closed","template":"","meta":{"footnotes":""},"class_list":["post-177","page","type-page","status-publish","hentry"],"_links":{"self":[{"href":"https:\/\/automat.kornblumen-apotheke.at\/index.php?rest_route=\/wp\/v2\/pages\/177","targetHints":{"allow":["GET"]}}],"collection":[{"href":"https:\/\/automat.kornblumen-apotheke.at\/index.php?rest_route=\/wp\/v2\/pages"}],"about":[{"href":"https:\/\/automat.kornblumen-apotheke.at\/index.php?rest_route=\/wp\/v2\/types\/page"}],"author":[{"embeddable":true,"href":"https:\/\/automat.kornblumen-apotheke.at\/index.php?rest_route=\/wp\/v2\/users\/1"}],"replies":[{"embeddable":true,"href":"https:\/\/automat.kornblumen-apotheke.at\/index.php?rest_route=%2Fwp%2Fv2%2Fcomments&post=177"}],"version-history":[{"count":1,"href":"https:\/\/automat.kornblumen-apotheke.at\/index.php?rest_route=\/wp\/v2\/pages\/177\/revisions"}],"predecessor-version":[{"id":179,"href":"https:\/\/automat.kornblumen-apotheke.at\/index.php?rest_route=\/wp\/v2\/pages\/177\/revisions\/179"}],"wp:attachment":[{"href":"https:\/\/automat.kornblumen-apotheke.at\/index.php?rest_route=%2Fwp%2Fv2%2Fmedia&parent=177"}],"curies":[{"name":"wp","href":"https:\/\/api.w.org\/{rel}","templated":true}]}}