{"id":16,"date":"2023-04-03T14:55:34","date_gmt":"2023-04-03T14:55:34","guid":{"rendered":"http:\/\/automat.kornblumen-apotheke.at\/?page_id=16"},"modified":"2023-04-14T13:44:06","modified_gmt":"2023-04-14T13:44:06","slug":"saft-alteaflu-husten","status":"publish","type":"page","link":"https:\/\/automat.kornblumen-apotheke.at\/?page_id=16","title":{"rendered":"SAFT ALTEAflu HUSTEN"},"content":{"rendered":"\n<p><\/p>\n\n\n\n<h2 class=\"wp-block-heading\">SAFT ALTEAflu HUSTEN<br><br><\/h2>\n\n\n\n<figure class=\"wp-block-image size-full\"><img loading=\"lazy\" decoding=\"async\" width=\"421\" height=\"421\" src=\"http:\/\/automat.kornblumen-apotheke.at\/wp-content\/uploads\/2023\/04\/grafik-2.png\" alt=\"\" class=\"wp-image-34\" srcset=\"https:\/\/automat.kornblumen-apotheke.at\/wp-content\/uploads\/2023\/04\/grafik-2.png 421w, https:\/\/automat.kornblumen-apotheke.at\/wp-content\/uploads\/2023\/04\/grafik-2-300x300.png 300w, https:\/\/automat.kornblumen-apotheke.at\/wp-content\/uploads\/2023\/04\/grafik-2-150x150.png 150w\" sizes=\"auto, (max-width: 421px) 100vw, 421px\" \/><\/figure>\n\n\n\n<p>Medizinprodukt auf der Basis von Honig und Polisedox\u00ae, einem innovativen Komplex, reich an Polysacchariden mit einer befeuchtenden und reizlindernden Wirkung auf die oberen Atemwege.<\/p>\n\n\n\n<p><strong>150 ml Flakon mit Messbecher<\/strong><\/p>\n\n\n\n<h2 class=\"wp-block-heading\">HINWEISE<\/h2>\n\n\n\n<p>HILFREICH BEI:<\/p>\n\n\n\n<ul class=\"wp-block-list\">\n<li>REIZHUSTEN<\/li>\n\n\n\n<li>ERK\u00c4LTUNG<\/li>\n\n\n\n<li>REIZUNGEN IM HALS<\/li>\n<\/ul>\n\n\n\n<h2 class=\"wp-block-heading\">ANWENDUNG<\/h2>\n\n\n\n<p>Es wird empfohlen zwei- bis viermal t\u00e4glich 10 ml einzunehmen. Den beigef\u00fcgten Messbecher benutzen. Vor Gebrauch sch\u00fctteln.<br>Flasche nach Gebrauch sorgf\u00e4ltig verschlie\u00dfen. Nach dem \u00d6ffnen innerhalb von 3 Monaten verbrauchen<\/p>\n\n\n\n<h2 class=\"wp-block-heading\">SICHERHEIT<\/h2>\n\n\n\n<p>VON NATUR AUS LAKTOSEFREI<br>GLUTENFREI<br>OHNE S\u00fc\u00dfstoffe<br>OHNE Farbstoffe<br>F\u00dcR VEGETARIER GEEIGNET<\/p>\n\n\n\n<p><strong>AKTIVSTOFF-KOMPLEX POLISEDOX\u00ae<\/strong><br>Der Komplex besteht aus den Extrakten aus Spitzwegerich, Malve und Eibisch, titriert in Mucopolysacchariden. Er legt sich wie ein Schutzfilm auf die Schleimhaut der oberen Atemwege und sch\u00fctzt sie vor Reizstoffen. Die an dem Komplex durchgef\u00fchrte Molekularstudie zeigt, dass mehr als 30% der Schleimstoffe ein Molekulargewicht von &gt; 20.000 Dalton aufweisen. Dies best\u00e4tigt seine F\u00e4higkeit, sich wie ein Schutzfilm auf die Mund- und Rachenschleimhaut zu legen und diese Schleimh\u00e4ute vor Reizstoffen wie Viren, Bakterien, Allergenen, Zigarettenrauch, Smog und Staub zu sch\u00fctzen.<br><br><strong>AKAZIENHONIG<\/strong><br>Honig besteht haupts\u00e4chlich aus Kohlenhydraten, Wasser, organischen S\u00e4uren, Mineralsalzen und Proteinen. Seine Viskosit\u00e4t erm\u00f6glicht eine gute Haftung an der Schleimhaut. Da Honig eine hochkonzentrierte Zuckerl\u00f6sung ist, entzieht er den Krankheitserregern durch Osmose ein f\u00fcr sie lebenswichtiges Element: das Wasser. Zudem besitzt Honig einen sehr sauren pH-Wert (3-4), der die Bakterienvermehrung hemmt.<br><br><strong>STROHBLUME<\/strong><br>Die Strohblume unterst\u00fctzt das Wohlbefinden von Nase und Hals. Mit ihrem frischen Kr\u00e4uter-Geschmack beruhigt sie die gereizte Schleimhaut.<br><br><strong>GRINDELIA<\/strong><br>Die Grindelia ist ein ausgezeichnetes phytotherapeutisches Mittel, um die Funktionsf\u00e4higkeit der oberen Atemwege zu unterst\u00fctzen. Sie verleiht dem Produkt einen frischen Kr\u00e4uter-Geschmack, wirkt befeuchtend, beruhigt die Mund- und Rachenschleimhaut und und sch\u00fctzt die Stimme.<br><br><strong>PROPOLIS<\/strong><br>Propolis besteht haupts\u00e4chlich aus Harzen, Balsamen und Wachs. Sie ist reich an Flavonoiden und enth\u00e4lt zudem einen Anteil an \u00e4therischen \u00d6len, der ihre keimhemmende Wirkung unterst\u00fctzt.<br><br><strong>\u00c4THERISCHES EUKALYPTUS\u00d6L<\/strong><br>Dank seiner erfrischenden Wirkung und dem frischen Kr\u00e4utergeschmack lindert es Beschwerden wie Reizungen und Kratzen im Hals, die durch Husten ausgel\u00f6st werden.<\/p>\n\n\n\n<p><\/p>\n","protected":false},"excerpt":{"rendered":"<p>SAFT ALTEAflu HUSTEN Medizinprodukt auf der Basis von Honig und Polisedox\u00ae, einem innovativen Komplex, reich an Polysacchariden mit einer befeuchtenden und reizlindernden Wirkung auf die oberen Atemwege. 150 ml Flakon mit Messbecher HINWEISE HILFREICH BEI: ANWENDUNG Es wird empfohlen zwei- bis viermal t\u00e4glich 10 ml einzunehmen. Den beigef\u00fcgten Messbecher benutzen. Vor Gebrauch sch\u00fctteln.Flasche nach Gebrauch [&hellip;]<\/p>\n","protected":false},"author":1,"featured_media":0,"parent":0,"menu_order":0,"comment_status":"closed","ping_status":"closed","template":"","meta":{"footnotes":""},"class_list":["post-16","page","type-page","status-publish","hentry"],"_links":{"self":[{"href":"https:\/\/automat.kornblumen-apotheke.at\/index.php?rest_route=\/wp\/v2\/pages\/16","targetHints":{"allow":["GET"]}}],"collection":[{"href":"https:\/\/automat.kornblumen-apotheke.at\/index.php?rest_route=\/wp\/v2\/pages"}],"about":[{"href":"https:\/\/automat.kornblumen-apotheke.at\/index.php?rest_route=\/wp\/v2\/types\/page"}],"author":[{"embeddable":true,"href":"https:\/\/automat.kornblumen-apotheke.at\/index.php?rest_route=\/wp\/v2\/users\/1"}],"replies":[{"embeddable":true,"href":"https:\/\/automat.kornblumen-apotheke.at\/index.php?rest_route=%2Fwp%2Fv2%2Fcomments&post=16"}],"version-history":[{"count":4,"href":"https:\/\/automat.kornblumen-apotheke.at\/index.php?rest_route=\/wp\/v2\/pages\/16\/revisions"}],"predecessor-version":[{"id":89,"href":"https:\/\/automat.kornblumen-apotheke.at\/index.php?rest_route=\/wp\/v2\/pages\/16\/revisions\/89"}],"wp:attachment":[{"href":"https:\/\/automat.kornblumen-apotheke.at\/index.php?rest_route=%2Fwp%2Fv2%2Fmedia&parent=16"}],"curies":[{"name":"wp","href":"https:\/\/api.w.org\/{rel}","templated":true}]}}