{"id":157,"date":"2023-04-18T07:04:02","date_gmt":"2023-04-18T07:04:02","guid":{"rendered":"http:\/\/automat.kornblumen-apotheke.at\/?page_id=157"},"modified":"2023-04-18T07:04:03","modified_gmt":"2023-04-18T07:04:03","slug":"ritex-bio","status":"publish","type":"page","link":"https:\/\/automat.kornblumen-apotheke.at\/?page_id=157","title":{"rendered":"Ritex Bio"},"content":{"rendered":"\n<h2 class=\"wp-block-heading\">veganes Gleitgel<\/h2>\n\n\n\n<figure class=\"wp-block-image size-full\"><img loading=\"lazy\" decoding=\"async\" width=\"322\" height=\"422\" src=\"http:\/\/automat.kornblumen-apotheke.at\/wp-content\/uploads\/2023\/04\/grafik-18.png\" alt=\"\" class=\"wp-image-158\" srcset=\"https:\/\/automat.kornblumen-apotheke.at\/wp-content\/uploads\/2023\/04\/grafik-18.png 322w, https:\/\/automat.kornblumen-apotheke.at\/wp-content\/uploads\/2023\/04\/grafik-18-229x300.png 229w\" sizes=\"auto, (max-width: 322px) 100vw, 322px\" \/><\/figure>\n\n\n\n<p>Ritex BIO Gleitgel ist ein Medizinprodukt zur Verbesserung der Gleitf\u00e4higkeit und zum Ausgleich mangelnder Vaginalfeuchtigkeit beim Intimverkehr.<\/p>\n\n\n\n<p>Eine erh\u00f6hte Gleitf\u00e4higkeit im Intimbereich sch\u00fctzt die zarte Haut, erm\u00f6glicht <strong>lustvolle Massagen<\/strong> und kann das <strong>sexuelle Wohlbefinden<\/strong> sp\u00fcrbar steigern.<\/p>\n\n\n\n<p>Ritex BIO Gleitgel wird aus<strong> veganen Rohstoffen<\/strong> bester Qualit\u00e4t hergestellt und ist frei von Duft- und Farbstoffen, PEG, Parabenen und anderen Konservierungsstoffen. Dermatologische Tests best\u00e4tigen: Hautvertr\u00e4glichkeit \u201eSehr Gut\u201c. &nbsp;<\/p>\n\n\n\n<h5 class=\"wp-block-heading\">HINWEISE<\/h5>\n\n\n\n<p>Ritex BIO Gel kann mit allen Ritex Kondomen verwendet werden. Einfach au\u00dfen auf das bereits angelegte Kondom auftragen. Gleitmittel k\u00f6nnen die Chance einer Befruchtung reduzieren. Wenn Sie schwanger werden wollen, empfehlen wir deshalb <a href=\"https:\/\/www.kinderwunsch-gleitmittel.de\/\" target=\"_blank\" rel=\"noreferrer noopener\">Ritex KINDERWUNSCH Gleitmittel<\/a>.<\/p>\n\n\n\n<h5 class=\"wp-block-heading\">EIGENSCHAFTEN<\/h5>\n\n\n\n<p>Ritex BIO Gleitgel sch\u00fctzt die empfindlichen Schleimh\u00e4ute auf nat\u00fcrliche Weise.<\/p>\n\n\n\n<ul class=\"wp-block-list\">\n<li>Wasserbasiert<\/li>\n\n\n\n<li>Aus veganen Rohstoffen<\/li>\n\n\n\n<li>Frei von Duft- und Farbstoffen, PEG, Parabenen und Konservierungsstoffen<\/li>\n\n\n\n<li>Dermatologisch getestet<\/li>\n\n\n\n<li>F\u00fcr den Gebrauch mit Kondomen geeignet<\/li>\n<\/ul>\n\n\n\n<h5 class=\"wp-block-heading\">INHALTSSTOFFE<\/h5>\n\n\n\n<p>Glycerin, Aqua, Xanthan Gum, Lactic Acid<\/p>\n\n\n\n<h5 class=\"wp-block-heading\">PACKUNGSGR\u00d6SSE<\/h5>\n\n\n\n<p>50 ml Tube<\/p>\n","protected":false},"excerpt":{"rendered":"<p>veganes Gleitgel Ritex BIO Gleitgel ist ein Medizinprodukt zur Verbesserung der Gleitf\u00e4higkeit und zum Ausgleich mangelnder Vaginalfeuchtigkeit beim Intimverkehr. Eine erh\u00f6hte Gleitf\u00e4higkeit im Intimbereich sch\u00fctzt die zarte Haut, erm\u00f6glicht lustvolle Massagen und kann das sexuelle Wohlbefinden sp\u00fcrbar steigern. Ritex BIO Gleitgel wird aus veganen Rohstoffen bester Qualit\u00e4t hergestellt und ist frei von Duft- und Farbstoffen, [&hellip;]<\/p>\n","protected":false},"author":1,"featured_media":0,"parent":0,"menu_order":0,"comment_status":"closed","ping_status":"closed","template":"","meta":{"footnotes":""},"class_list":["post-157","page","type-page","status-publish","hentry"],"_links":{"self":[{"href":"https:\/\/automat.kornblumen-apotheke.at\/index.php?rest_route=\/wp\/v2\/pages\/157","targetHints":{"allow":["GET"]}}],"collection":[{"href":"https:\/\/automat.kornblumen-apotheke.at\/index.php?rest_route=\/wp\/v2\/pages"}],"about":[{"href":"https:\/\/automat.kornblumen-apotheke.at\/index.php?rest_route=\/wp\/v2\/types\/page"}],"author":[{"embeddable":true,"href":"https:\/\/automat.kornblumen-apotheke.at\/index.php?rest_route=\/wp\/v2\/users\/1"}],"replies":[{"embeddable":true,"href":"https:\/\/automat.kornblumen-apotheke.at\/index.php?rest_route=%2Fwp%2Fv2%2Fcomments&post=157"}],"version-history":[{"count":1,"href":"https:\/\/automat.kornblumen-apotheke.at\/index.php?rest_route=\/wp\/v2\/pages\/157\/revisions"}],"predecessor-version":[{"id":159,"href":"https:\/\/automat.kornblumen-apotheke.at\/index.php?rest_route=\/wp\/v2\/pages\/157\/revisions\/159"}],"wp:attachment":[{"href":"https:\/\/automat.kornblumen-apotheke.at\/index.php?rest_route=%2Fwp%2Fv2%2Fmedia&parent=157"}],"curies":[{"name":"wp","href":"https:\/\/api.w.org\/{rel}","templated":true}]}}