{"id":131,"date":"2023-04-14T14:26:46","date_gmt":"2023-04-14T14:26:46","guid":{"rendered":"http:\/\/automat.kornblumen-apotheke.at\/?page_id=131"},"modified":"2023-04-14T14:26:47","modified_gmt":"2023-04-14T14:26:47","slug":"zink-plus-cd","status":"publish","type":"page","link":"https:\/\/automat.kornblumen-apotheke.at\/?page_id=131","title":{"rendered":"ZINK PLUS C+D"},"content":{"rendered":"\n<p>Du willst Deine Abwehrkr\u00e4fte st\u00e4rken und Dich rundum versorgt wissen? Dann ist naturafit Zink plus C + D genau das richtige Produkt f\u00fcr Deine W\u00fcnsche. Es ist eine optimale Kombination aus den Mikron\u00e4hrstoffen Zink, Vitamin C und Vitamin D.<\/p>\n\n\n\n<p>Das Spurenelement Zink tr\u00e4gt bei:<\/p>\n\n\n\n<ul class=\"wp-block-list\">\n<li>zu einem normalen S\u00e4ure-Basen-Stoffwechsel<\/li>\n\n\n\n<li>zu einer normalen DNA-Synthese<\/li>\n\n\n\n<li>zu einem normalen Fetts\u00e4urestoffwechsel<\/li>\n<\/ul>\n\n\n\n<p>Der Immunsystem-Aktivator Vitamin C tr\u00e4gt bei:<\/p>\n\n\n\n<ul class=\"wp-block-list\">\n<li>zu einer normalen Funktion des Immunsystems<\/li>\n\n\n\n<li>zur Erh\u00f6hung der Eisenaufnahme<\/li>\n\n\n\n<li>zu einem normalen Energiestoffwechsel<\/li>\n<\/ul>\n\n\n\n<p>Das Sonnenvitamin Vitamin D tr\u00e4gt bei:<\/p>\n\n\n\n<ul class=\"wp-block-list\">\n<li>zu einem normalen Calciumspiegel<\/li>\n\n\n\n<li>zum Schutz der Zellen vor oxidativem Stress<\/li>\n<\/ul>\n\n\n\n<p>Vitamin C (L-Ascorbins\u00e4ure), \u00dcberzugsmittel Hydroxypropylmethylcellulose (Kapselh\u00fclle), F\u00fcllstoff mikrokristalline Cellulose, Zinkcitrat, Tapioca Dextrin, Vitamin D3 (Cholecalciferol)<\/p>\n\n\n\n<figure class=\"wp-block-table\"><table><thead><tr><th>Inhalt<\/th><th>Inhalt pro Kapsel<\/th><\/tr><\/thead><tbody><tr><td>Vitamin D3<\/td><td>5\u00b5g<br>=200 IE<br><\/td><\/tr><tr><td>Vitamin C<br><\/td><td>300mg<\/td><\/tr><tr><td>Zinkcitrat<br>enth\u00e4lt Zink<\/td><td>41,3mg<br>13,2mg<\/td><\/tr><\/tbody><\/table><\/figure>\n\n\n\n<p>T\u00e4glich 1 Kapsel zu oder zwischen den Mahlzeiten<\/p>\n\n\n\n<p>Bitte beachten:<br>Die angegebene empfohlene t\u00e4gliche Verzehrsmenge darf nicht \u00fcberschritten werden. Das Nahrungserg\u00e4nzungsmittel sollte nicht als Ersatz f\u00fcr eine ausgewogene und abwechslungsreiche Ern\u00e4hrung sowie f\u00fcr eine gesunde Lebensweise verwendet werden. Au\u00dferhalb der Reichweite von Kindern lagern. K\u00fchl und trocken lagern. Nach Anbruch stets fest verschlie\u00dfen und z\u00fcgig aufbrauchen.<\/p>\n","protected":false},"excerpt":{"rendered":"<p>Du willst Deine Abwehrkr\u00e4fte st\u00e4rken und Dich rundum versorgt wissen? Dann ist naturafit Zink plus C + D genau das richtige Produkt f\u00fcr Deine W\u00fcnsche. Es ist eine optimale Kombination aus den Mikron\u00e4hrstoffen Zink, Vitamin C und Vitamin D. Das Spurenelement Zink tr\u00e4gt bei: Der Immunsystem-Aktivator Vitamin C tr\u00e4gt bei: Das Sonnenvitamin Vitamin D tr\u00e4gt [&hellip;]<\/p>\n","protected":false},"author":1,"featured_media":0,"parent":0,"menu_order":0,"comment_status":"closed","ping_status":"closed","template":"","meta":{"footnotes":""},"class_list":["post-131","page","type-page","status-publish","hentry"],"_links":{"self":[{"href":"https:\/\/automat.kornblumen-apotheke.at\/index.php?rest_route=\/wp\/v2\/pages\/131","targetHints":{"allow":["GET"]}}],"collection":[{"href":"https:\/\/automat.kornblumen-apotheke.at\/index.php?rest_route=\/wp\/v2\/pages"}],"about":[{"href":"https:\/\/automat.kornblumen-apotheke.at\/index.php?rest_route=\/wp\/v2\/types\/page"}],"author":[{"embeddable":true,"href":"https:\/\/automat.kornblumen-apotheke.at\/index.php?rest_route=\/wp\/v2\/users\/1"}],"replies":[{"embeddable":true,"href":"https:\/\/automat.kornblumen-apotheke.at\/index.php?rest_route=%2Fwp%2Fv2%2Fcomments&post=131"}],"version-history":[{"count":1,"href":"https:\/\/automat.kornblumen-apotheke.at\/index.php?rest_route=\/wp\/v2\/pages\/131\/revisions"}],"predecessor-version":[{"id":132,"href":"https:\/\/automat.kornblumen-apotheke.at\/index.php?rest_route=\/wp\/v2\/pages\/131\/revisions\/132"}],"wp:attachment":[{"href":"https:\/\/automat.kornblumen-apotheke.at\/index.php?rest_route=%2Fwp%2Fv2%2Fmedia&parent=131"}],"curies":[{"name":"wp","href":"https:\/\/api.w.org\/{rel}","templated":true}]}}