{"id":129,"date":"2023-04-14T14:24:46","date_gmt":"2023-04-14T14:24:46","guid":{"rendered":"http:\/\/automat.kornblumen-apotheke.at\/?page_id=129"},"modified":"2023-04-14T14:24:47","modified_gmt":"2023-04-14T14:24:47","slug":"schlafgut-pflanzlich","status":"publish","type":"page","link":"https:\/\/automat.kornblumen-apotheke.at\/?page_id=129","title":{"rendered":"SCHLAFGUT PFLANZLICH"},"content":{"rendered":"\n<h1 class=\"wp-block-heading\">SCHLAFGUT PFLANZLICH<\/h1>\n\n\n\n<p>Die Gedanken kreisen, der K\u00f6rper kommt nicht zur Ruhe. An Schlaf ist oftmals kaum zu denken.<\/p>\n\n\n\n<p>Mit rein nat\u00fcrlichen Zutaten wie Baldrian, Hopfen, Passionsblume und Zitronenmelisse kannst Du Geist und Seele beruhigen. Somit kannst Du nicht nur optimal ein-, sondern auch wunderbar durchschlafen.<\/p>\n\n\n\n<h2 class=\"wp-block-heading\">Gute Nacht \u2013 Erholsamer Morgen<\/h2>\n\n\n\n<p>Ein tiefer und erholsamer Schlaf ist die Grundlage f\u00fcr neue Energie und Wohlbefinden. Mit naturafit Schlafgut pflanzlich schenkst Du Dir und Deinem K\u00f6rper die n\u00f6tige Ruhe und Entspannung w\u00e4hrend des Schlafs, die er ben\u00f6tigt.<\/p>\n\n\n\n<p><strong>Das macht unser Produkt besonders:<\/strong><\/p>\n\n\n\n<ul class=\"wp-block-list\">\n<li>Unser pflanzliches Produkt besteht aus einer wohl dosierten Kombination von vier Pflanzen-Extrakten: Baldrianwurzel, Hopfen, Passionsblume und Zitronenmelisse.&nbsp;<\/li>\n<\/ul>\n\n\n\n<h2 class=\"wp-block-heading\">F\u00fcr wen ist es gedacht?<\/h2>\n\n\n\n<p>F\u00fcr Menschen, denen das Durchschlafen nicht leichtf\u00e4llt.<\/p>\n\n\n\n<p>In folgenden Situationen solltest Du unser Produkt supplementieren:<\/p>\n\n\n\n<ul class=\"wp-block-list\">\n<li>wenn Du Dich am Morgen nach dem Schlaf \u201ewie ger\u00e4dert f\u00fchlst\u201c<\/li>\n\n\n\n<li>wenn Du entspannt durchschlafen m\u00f6chtest<\/li>\n\n\n\n<li>wenn Du Deine Nerven vor dem Schlafengehen beruhigen m\u00f6chtest<\/li>\n\n\n\n<li>wenn Du aufgrund von Stress und emotionalen Druck nicht zur Ruhe kommst<\/li>\n<\/ul>\n\n\n\n<p>Passionsblumen-Extrakt, Zitronenmelissen-Extrakt, \u00dcberzugsmittel Hydroxypropylmethylcellulose (Kapselh\u00fclle), Baldrianwurzel-Extrakt, Hopfen-Extrakt, Maltodextrin<\/p>\n\n\n\n<p>Abends 1-2 Kapseln vor dem Schlafen<\/p>\n\n\n\n<p>Bitte beachten:<br>Die angegebene empfohlene t\u00e4gliche Verzehrsmenge darf nicht \u00fcberschritten werden. Das Nahrungserg\u00e4nzungsmittel sollte nicht als Ersatz f\u00fcr eine ausgewogene und abwechslungsreiche Ern\u00e4hrung sowie f\u00fcr eine gesunde Lebensweise verwendet werden. Au\u00dferhalb der Reichweite von Kindern lagern. K\u00fchl und trocken lagern. Nach Anbruch stets fest verschlie\u00dfen und z\u00fcgig aufbrauchen.<\/p>\n","protected":false},"excerpt":{"rendered":"<p>SCHLAFGUT PFLANZLICH Die Gedanken kreisen, der K\u00f6rper kommt nicht zur Ruhe. An Schlaf ist oftmals kaum zu denken. Mit rein nat\u00fcrlichen Zutaten wie Baldrian, Hopfen, Passionsblume und Zitronenmelisse kannst Du Geist und Seele beruhigen. Somit kannst Du nicht nur optimal ein-, sondern auch wunderbar durchschlafen. Gute Nacht \u2013 Erholsamer Morgen Ein tiefer und erholsamer Schlaf [&hellip;]<\/p>\n","protected":false},"author":1,"featured_media":0,"parent":0,"menu_order":0,"comment_status":"closed","ping_status":"closed","template":"","meta":{"footnotes":""},"class_list":["post-129","page","type-page","status-publish","hentry"],"_links":{"self":[{"href":"https:\/\/automat.kornblumen-apotheke.at\/index.php?rest_route=\/wp\/v2\/pages\/129","targetHints":{"allow":["GET"]}}],"collection":[{"href":"https:\/\/automat.kornblumen-apotheke.at\/index.php?rest_route=\/wp\/v2\/pages"}],"about":[{"href":"https:\/\/automat.kornblumen-apotheke.at\/index.php?rest_route=\/wp\/v2\/types\/page"}],"author":[{"embeddable":true,"href":"https:\/\/automat.kornblumen-apotheke.at\/index.php?rest_route=\/wp\/v2\/users\/1"}],"replies":[{"embeddable":true,"href":"https:\/\/automat.kornblumen-apotheke.at\/index.php?rest_route=%2Fwp%2Fv2%2Fcomments&post=129"}],"version-history":[{"count":1,"href":"https:\/\/automat.kornblumen-apotheke.at\/index.php?rest_route=\/wp\/v2\/pages\/129\/revisions"}],"predecessor-version":[{"id":130,"href":"https:\/\/automat.kornblumen-apotheke.at\/index.php?rest_route=\/wp\/v2\/pages\/129\/revisions\/130"}],"wp:attachment":[{"href":"https:\/\/automat.kornblumen-apotheke.at\/index.php?rest_route=%2Fwp%2Fv2%2Fmedia&parent=129"}],"curies":[{"name":"wp","href":"https:\/\/api.w.org\/{rel}","templated":true}]}}