{"id":123,"date":"2023-04-14T14:21:19","date_gmt":"2023-04-14T14:21:19","guid":{"rendered":"http:\/\/automat.kornblumen-apotheke.at\/?page_id=123"},"modified":"2023-04-14T14:21:19","modified_gmt":"2023-04-14T14:21:19","slug":"dusch-shampoo-sportmit-grapefruitkernextrakt","status":"publish","type":"page","link":"https:\/\/automat.kornblumen-apotheke.at\/?page_id=123","title":{"rendered":"DUSCH-SHAMPOO SPORTmit GRAPEFRUITKERNEXTRAKT"},"content":{"rendered":"\n<figure class=\"wp-block-image size-full\"><img loading=\"lazy\" decoding=\"async\" width=\"421\" height=\"421\" src=\"http:\/\/automat.kornblumen-apotheke.at\/wp-content\/uploads\/2023\/04\/grafik-15.png\" alt=\"\" class=\"wp-image-124\" srcset=\"https:\/\/automat.kornblumen-apotheke.at\/wp-content\/uploads\/2023\/04\/grafik-15.png 421w, https:\/\/automat.kornblumen-apotheke.at\/wp-content\/uploads\/2023\/04\/grafik-15-300x300.png 300w, https:\/\/automat.kornblumen-apotheke.at\/wp-content\/uploads\/2023\/04\/grafik-15-150x150.png 150w\" sizes=\"auto, (max-width: 421px) 100vw, 421px\" \/><\/figure>\n\n\n\n<p>Frisches, angenehm duftendes Duschgel f\u00fcr die Reinigung von K\u00f6rper und Haar. Dank der kl\u00e4renden und antimikrobiellen Wirkung ist es ideal f\u00fcr alle, die sich h\u00e4ufig in feuchtwarmen Umgebungen wie Schwimmb\u00e4dern und Fitnessstudios aufhalten.<\/p>\n\n\n\n<p><strong>300 ml Flakon<\/strong><br><strong>zu 100 % aus recyceltem und recycelbarem Kunststoff<\/strong><\/p>\n\n\n\n<h2 class=\"wp-block-heading\">ANWENDUNG<\/h2>\n\n\n\n<p>\u200bEine angemessene Menge des Produkts auf den K\u00f6rper und das Haar auftragen und mit reichlich Wasser abwaschen und aussp\u00fclen.<\/p>\n\n\n\n<h2 class=\"wp-block-heading\">SICHERHEIT<\/h2>\n\n\n\n<ul class=\"wp-block-list\">\n<li>Formuliert, um das Allergierisiko zu minimieren<\/li>\n\n\n\n<li>Auf der empfindlichen Haut dermatologisch getestet<\/li>\n\n\n\n<li>Nickel und Parabene &lt; 0,0001 % (1 ppm)<\/li>\n<\/ul>\n\n\n\n<p>\u00a0\u00a0\u00a0\u00a0\u00a0\u00a0\u00a0\u00a0\u00a0\u00a0 PAO: 12M<\/p>\n\n\n\n<p><strong>GRAPEFRUITKERNEXTRAKT<\/strong><br>Kl\u00e4rende und antimikrobielle Wirkung<\/p>\n\n\n\n<p><strong>PIROCTON-OLAMIN UND UNDECYLENOYL GLYCINE<\/strong><br>Wirken antimikrobiell und antimykotisch<\/p>\n\n\n\n<p><strong>GLYKOSIDISCHE REINIGUNGSSTOFFE<\/strong><br>Aus Zucker gewonnene Reinigungsstoffe, die die Haut gr\u00fcndlich, aber sanft reinigen und sie zugleich schonen<\/p>\n\n\n\n<p><strong>PFLEGESTOFFE<\/strong><br>Filmbildende Substanzen mit Schutzwirkung<\/p>\n\n\n\n<p>\u200bAQUA, SODIUM LAURETH SULFATE, <strong>SODIUM COCOAMPHOACETATE, PARFUM, SODIUM LAURYL GLUCOSE CARBOXYLATE<\/strong>, COCAMIDE MIPA, <strong>PIROCTONE OLAMINE, UNDECYLENOYL GLYCINE, CITRUS PARADISI SEED EXTRACT<\/strong>, CITRIC ACID, GLYCERIN, <strong>LAURYL GLUCOSIDE, PEG-120 METHYL GLUCOSE TRIOLEATE<\/strong>, IMIDAZOLIDINYL UREA, <strong>POLYQUATERNIUM-10<\/strong>, PHENOXYETHANOL, <strong>SILICONE QUATERNIUM-8<\/strong>, DISODIUM EDTA, LIMONENE, LINALOOL, SODIUM CITRATE, SORBIC ACID, PROPYLENE GLYCOL, SODIUM CHLORIDE.<\/p>\n\n\n\n<p>* Die Aktivstoffe sind in Fettschrift hervorgehoben.<\/p>\n","protected":false},"excerpt":{"rendered":"<p>Frisches, angenehm duftendes Duschgel f\u00fcr die Reinigung von K\u00f6rper und Haar. Dank der kl\u00e4renden und antimikrobiellen Wirkung ist es ideal f\u00fcr alle, die sich h\u00e4ufig in feuchtwarmen Umgebungen wie Schwimmb\u00e4dern und Fitnessstudios aufhalten. 300 ml Flakonzu 100 % aus recyceltem und recycelbarem Kunststoff ANWENDUNG \u200bEine angemessene Menge des Produkts auf den K\u00f6rper und das Haar [&hellip;]<\/p>\n","protected":false},"author":1,"featured_media":0,"parent":0,"menu_order":0,"comment_status":"closed","ping_status":"closed","template":"","meta":{"footnotes":""},"class_list":["post-123","page","type-page","status-publish","hentry"],"_links":{"self":[{"href":"https:\/\/automat.kornblumen-apotheke.at\/index.php?rest_route=\/wp\/v2\/pages\/123","targetHints":{"allow":["GET"]}}],"collection":[{"href":"https:\/\/automat.kornblumen-apotheke.at\/index.php?rest_route=\/wp\/v2\/pages"}],"about":[{"href":"https:\/\/automat.kornblumen-apotheke.at\/index.php?rest_route=\/wp\/v2\/types\/page"}],"author":[{"embeddable":true,"href":"https:\/\/automat.kornblumen-apotheke.at\/index.php?rest_route=\/wp\/v2\/users\/1"}],"replies":[{"embeddable":true,"href":"https:\/\/automat.kornblumen-apotheke.at\/index.php?rest_route=%2Fwp%2Fv2%2Fcomments&post=123"}],"version-history":[{"count":1,"href":"https:\/\/automat.kornblumen-apotheke.at\/index.php?rest_route=\/wp\/v2\/pages\/123\/revisions"}],"predecessor-version":[{"id":125,"href":"https:\/\/automat.kornblumen-apotheke.at\/index.php?rest_route=\/wp\/v2\/pages\/123\/revisions\/125"}],"wp:attachment":[{"href":"https:\/\/automat.kornblumen-apotheke.at\/index.php?rest_route=%2Fwp%2Fv2%2Fmedia&parent=123"}],"curies":[{"name":"wp","href":"https:\/\/api.w.org\/{rel}","templated":true}]}}