{"id":12,"date":"2023-04-03T14:30:56","date_gmt":"2023-04-03T14:30:56","guid":{"rendered":"http:\/\/automat.kornblumen-apotheke.at\/?page_id=12"},"modified":"2023-04-05T07:38:05","modified_gmt":"2023-04-05T07:38:05","slug":"artikel-01","status":"publish","type":"page","link":"https:\/\/automat.kornblumen-apotheke.at\/?page_id=12","title":{"rendered":"Hyalu Augentropfen"},"content":{"rendered":"\n<p><\/p>\n\n\n\n<h2 class=\"wp-block-heading\">Eye Drops 0.2%<br><br><\/h2>\n\n\n\n<figure class=\"wp-block-image size-full\"><img loading=\"lazy\" decoding=\"async\" width=\"421\" height=\"421\" src=\"http:\/\/automat.kornblumen-apotheke.at\/wp-content\/uploads\/2023\/04\/grafik-1.png\" alt=\"\" class=\"wp-image-14\" srcset=\"https:\/\/automat.kornblumen-apotheke.at\/wp-content\/uploads\/2023\/04\/grafik-1.png 421w, https:\/\/automat.kornblumen-apotheke.at\/wp-content\/uploads\/2023\/04\/grafik-1-300x300.png 300w, https:\/\/automat.kornblumen-apotheke.at\/wp-content\/uploads\/2023\/04\/grafik-1-150x150.png 150w\" sizes=\"auto, (max-width: 421px) 100vw, 421px\" \/><\/figure>\n\n\n\n<p>K\u00fcnstlicher Tr\u00e4nenersatz in steriler ophthalmischer L\u00f6sung, Mehrfachdosis. Enth\u00e4lt einen hohen Anteil an Hyalurons\u00e4ure (0,2%).<\/p>\n\n\n\n<p><strong>10-ml-Fl\u00e4schchen mit wiederverschlie\u00dfbarem Verschluss<\/strong><\/p>\n\n\n\n<h2 class=\"wp-block-heading\">HINWEISE<\/h2>\n\n\n\n<p>\u200bDie Tropfen sch\u00fctzen, befeuchten und benetzen die Augen und die Bindehaut.<\/p>\n\n\n\n<p>Sie helfen bei m\u00fcden und ger\u00f6teten Augen, die auf Witterungs- oder Umwelteinfl\u00fcsse (Wind, Salzwasser, Hitze, Smog, Rauch und Staub), Arbeits- oder Lern\u00fcberlastung, PC-Benutzung, Kontaktlinsen, \u00fcberm\u00e4\u00dfige Sonnenlichtexposition und Sport zur\u00fcckzuf\u00fchren sind.<\/p>\n\n\n\n<p>Die Zusammensetzung wurde getestet und die Anwendung bei eingesetzten Kontaktlinsen validiert.<\/p>\n\n\n\n<h2 class=\"wp-block-heading\">ANWENDUNG<\/h2>\n\n\n\n<p>\u200b<strong>Anwendung<\/strong>: Bei Bedarf 2\/3 Tropfen in jedes Auge tr\u00e4ufeln. Das Produkt kann auch h\u00e4ufig oder nach langem Tragen von Kontaktlinsen angewendet werden. <strong>Besondere Hinweise<\/strong>:Nach Anbruch das Beh\u00e4ltnis mit dem vorgesehenen Verschluss wiederverschlie\u00dfen. Die Haltbarkeit des verbliebenden Produkts betr\u00e4gt 28 Tage nach Anbruch. Das Produkt eignet sich nur f\u00fcr die ophthalmische Anwendung. Nicht schlucken.<\/p>\n\n\n\n<h2 class=\"wp-block-heading\">SICHERHEIT<\/h2>\n\n\n\n<p>\u200bW\u00c4HREND DER SCHWANGERSCHAFT\/STILLZEIT GEEIGNET (nach vorheriger \u00e4rztlicher Beratung)<br>F\u00dcR KINDER \u00dcBER 3 JAHRE GEEIGNET<\/p>\n\n\n\n<p>Hyalurons\u00e4ure, destilliertes Euphrasia- und Kamillenwasser, N-Hydroxymethylglycinat.<\/p>\n\n\n\n<p><strong>\u200bHYALURONS\u00c4URE<br><\/strong><strong>Hyalurons\u00e4ure (Natriumhyaluronat) <\/strong>ist ein Stoff, der sich von Natur her im Auge und in anderen K\u00f6rperteilen befindet. Tats\u00e4chlich ist sie einer der wichtigsten Komponenten des Bindegewebes. Dank der F\u00e4higkeit, Wasser zu binden, bringt die Hyalurons\u00e4ure ein Schutzgel hervor, <strong>das einen gleichm\u00e4\u00dfigen stabilen und dauerhaften Film auf der Augenoberfl\u00e4che bildet<\/strong>. Und eben dieser bewahrt die Feuchtigkeit im Auge.&nbsp;&nbsp;<\/p>\n\n\n\n<p><strong>DESTILLIERTES EUPHRASIA- UND KAMILLENWASSER<br><\/strong>Durch die Kombination von Hyalurons\u00e4ure mit <strong>destilliertem Euphrasiawasser und destilliertem Kamillenwasser <\/strong>mit lindernder Wirkung auf der gereizten Augenschleimhaut ist das Produkt besonders f\u00fcr empfindliche Augen und f\u00fcr all jene Situationen geeignet, in denen die gereizte Schleimhaut benetzt und befeuchtet werden muss.<\/p>\n\n\n\n<p><strong>N-HYDROXYMETHYLGLYCINAT<br><\/strong>Enth\u00e4lt <strong>N-Hydroxymethylglycinat, <\/strong>ein Derivat der Aminos\u00e4ure Glycin mit einer f\u00fcr die Haltbarmachung der L\u00f6sung wichtigen antimikrobiellen Wirkung, das \u00fcberdies die Vertr\u00e4glichkeit mit Kontaktlinsen gew\u00e4hrleistet.<\/p>\n\n\n\n<p>\u200bINGREDIENTS: <strong>Destilliertes Euphrasiawasser, destilliertes Kamillenwasser, Natriumhyaluronat<\/strong>, Natriumchlorid, Dinatriumheptahydrogenphosphat, EDTA, monobasisches Natriumphosphatdihydrat, N-Hydroxymethylglycinat, Wasser.<\/p>\n","protected":false},"excerpt":{"rendered":"<p>Eye Drops 0.2% K\u00fcnstlicher Tr\u00e4nenersatz in steriler ophthalmischer L\u00f6sung, Mehrfachdosis. Enth\u00e4lt einen hohen Anteil an Hyalurons\u00e4ure (0,2%). 10-ml-Fl\u00e4schchen mit wiederverschlie\u00dfbarem Verschluss HINWEISE \u200bDie Tropfen sch\u00fctzen, befeuchten und benetzen die Augen und die Bindehaut. Sie helfen bei m\u00fcden und ger\u00f6teten Augen, die auf Witterungs- oder Umwelteinfl\u00fcsse (Wind, Salzwasser, Hitze, Smog, Rauch und Staub), Arbeits- oder Lern\u00fcberlastung, [&hellip;]<\/p>\n","protected":false},"author":1,"featured_media":0,"parent":0,"menu_order":0,"comment_status":"closed","ping_status":"closed","template":"","meta":{"footnotes":""},"class_list":["post-12","page","type-page","status-publish","hentry"],"_links":{"self":[{"href":"https:\/\/automat.kornblumen-apotheke.at\/index.php?rest_route=\/wp\/v2\/pages\/12","targetHints":{"allow":["GET"]}}],"collection":[{"href":"https:\/\/automat.kornblumen-apotheke.at\/index.php?rest_route=\/wp\/v2\/pages"}],"about":[{"href":"https:\/\/automat.kornblumen-apotheke.at\/index.php?rest_route=\/wp\/v2\/types\/page"}],"author":[{"embeddable":true,"href":"https:\/\/automat.kornblumen-apotheke.at\/index.php?rest_route=\/wp\/v2\/users\/1"}],"replies":[{"embeddable":true,"href":"https:\/\/automat.kornblumen-apotheke.at\/index.php?rest_route=%2Fwp%2Fv2%2Fcomments&post=12"}],"version-history":[{"count":2,"href":"https:\/\/automat.kornblumen-apotheke.at\/index.php?rest_route=\/wp\/v2\/pages\/12\/revisions"}],"predecessor-version":[{"id":33,"href":"https:\/\/automat.kornblumen-apotheke.at\/index.php?rest_route=\/wp\/v2\/pages\/12\/revisions\/33"}],"wp:attachment":[{"href":"https:\/\/automat.kornblumen-apotheke.at\/index.php?rest_route=%2Fwp%2Fv2%2Fmedia&parent=12"}],"curies":[{"name":"wp","href":"https:\/\/api.w.org\/{rel}","templated":true}]}}