{"id":109,"date":"2023-04-14T14:14:57","date_gmt":"2023-04-14T14:14:57","guid":{"rendered":"http:\/\/automat.kornblumen-apotheke.at\/?page_id=109"},"modified":"2023-04-14T14:14:57","modified_gmt":"2023-04-14T14:14:57","slug":"refluxcontrol-stick","status":"publish","type":"page","link":"https:\/\/automat.kornblumen-apotheke.at\/?page_id=109","title":{"rendered":"REFLUXcontrol STICK"},"content":{"rendered":"\n<figure class=\"wp-block-image size-full\"><img loading=\"lazy\" decoding=\"async\" width=\"421\" height=\"421\" src=\"http:\/\/automat.kornblumen-apotheke.at\/wp-content\/uploads\/2023\/04\/grafik-12.png\" alt=\"\" class=\"wp-image-110\" srcset=\"https:\/\/automat.kornblumen-apotheke.at\/wp-content\/uploads\/2023\/04\/grafik-12.png 421w, https:\/\/automat.kornblumen-apotheke.at\/wp-content\/uploads\/2023\/04\/grafik-12-300x300.png 300w, https:\/\/automat.kornblumen-apotheke.at\/wp-content\/uploads\/2023\/04\/grafik-12-150x150.png 150w\" sizes=\"auto, (max-width: 421px) 100vw, 421px\" \/><\/figure>\n\n\n\n<p>REFLUXcontrol STICK ist ein Medizinprodukt zur oralen Anwendung f\u00fcr die Behandlung von gastro\u00f6sophagealem Reflux. <strong>20 STICKBEUTEL \u00e0 15 ml VANILLE-GESCHMACK<\/strong><\/p>\n\n\n\n<h2 class=\"wp-block-heading\">HINWEISE<\/h2>\n\n\n\n<p><strong>\u200bHILFREICH BEI:<\/strong><\/p>\n\n\n\n<ul class=\"wp-block-list\">\n<li>REFLUX UND \u00dcBERS\u00c4UERUNG<\/li>\n\n\n\n<li>SODBRENNEN UND SCHMERZEN<\/li>\n\n\n\n<li>REIZHUSTEN<\/li>\n\n\n\n<li>SPEISER\u00d6HRENENT-Z\u00dcNDUNG<\/li>\n\n\n\n<li>DYSPEPSIE<\/li>\n<\/ul>\n\n\n\n<h2 class=\"wp-block-heading\">ANWENDUNG<\/h2>\n\n\n\n<p>Stickbeutel \u00e0 15 ml nach den Hauptmahlzeiten und vor dem Schlafengehen oder entsprechend den Anweisungen des Arztes einnehmen. Vor Gebrauch gut sch\u00fctteln.<br><br><strong>HINWEISE<\/strong><br>Das Produkt enth\u00e4lt Natrium und erfordert besondere Aufmerksamkeit bei der Verabreichung von Alginaten an Patienten mit Bluthochdruck, Herz- oder Niereninsuffizienz. Das Produkt kann die Resorption oraler Arzneimittel beeintr\u00e4chtigen. Bei der langfristigen Einnahme von anderen Arzneimitteln und bei einer besonders salzarmen (natriumarmen) Ern\u00e4hrung sollte vor der Anwendung der Arzt konsultiert werden.<\/p>\n\n\n\n<h2 class=\"wp-block-heading\">SICHERIHEIT<\/h2>\n\n\n\n<p>\u200bGLUTENFREI<br>OHNE Zuckerzusatz<br>OHNE Farbstoffe<br>OHNE Konservierungsstoffe<br>F\u00dcR VEGETARIER GEEIGNET<br>W\u00c4HREND DER SCHWANGERSCHAFT\/STILLZEIT GEEIGNET (nach vorheriger \u00e4rztlicher Beratung)<\/p>\n\n\n\n<p><strong>NATRIUMALGINAT<\/strong><br>Dieser Rohstoff wird aus dem Natriumsalz der Algins\u00e4ure gebildet und aus den Zellw\u00e4nden von Algen gewonnen. Bei Kontakt mit der Magens\u00e4ure bildet Natriumalginat ein schwimmendes Polysaccharidgel (Alginatgel), das in der N\u00e4he des Mageneingangs verbleibt und so eine physikalische Barriere bildet.<br><br><strong>CARBONATE<\/strong><br>Das Produkt enth\u00e4lt Kaliumcarbonat, Kalziumcarbonat und Natriumbicarbonat. Bei Kontakt mit der Magens\u00e4ure wird das Bicarbonat in Kohlendioxid umgewandelt, dessen Bl\u00e4schen im Alginatgel eingeschlossen werden. Der so entstehende Schaum wirkt wie eine Schutzbarriere, die verhindert, dass der Mageninhalt in die Speiser\u00f6hre aufsteigen kann. Zudem neutralisieren die Carbonate die Magens\u00e4ure.<br><br><strong>MUCOPOLYSACCHARIDE HMW<\/strong><br>Es handelt sich um eine Mischung bestehend aus den Polysacchariden der Kaktusfeige (extrahiert aus dem inneren Teil der Kladodien) und Polyphenolen, die aus Olivenbl\u00e4ttern gewonnen werden. Dabei besitzen die Polysaccharide der Kaktusfeige die F\u00e4higkeit, an Schleimh\u00e4uten haften zu bleiben. Die aus Olivenbl\u00e4ttern gewonnenen Polyphenole beruhigen die Magenschleimhaut, was wahrscheinlich auf der antioxidativen und entz\u00fcndungshemmenden Wirkung einiger Verbindungen, wie Oleuropein, beruht.<br><br><strong>SOLANUM TUBEROSUM-EXTRAKT<\/strong><br>Der Kartoffelextrakt hat die Funktion, die Magens\u00e4ure zu neutralisieren.<\/p>\n\n\n\n<p>\u200b<img decoding=\"async\" src=\"https:\/\/assets.unifarco.it\/cataloghi\/de\/Immagini%20Prodotti\/tab-valori\/formel-refluxcontrol-stick.JPG\" alt=\"\"><br>REFLUXcontrol STICK bildet einen Schutzfilm und entfaltet drei synergistische Wirkungen: Es hemmt saures Aufsto\u00dfen, sch\u00fctzt die Schleimhaut der Speiser\u00f6hre und reduziert Sodbrennen. Natriumalginat und Carbonate bilden eine physikalische Barriere. Natriumalginat bildet bei Kontakt mit der Magens\u00e4ure ein Gel und Carbonate setzen Kohlendioxid-Bl\u00e4schen frei. Dadurch entsteht eine physikalische Barriere, die verhindert, dass Magens\u00e4fte in die Speiser\u00f6hre aufsteigen. Zus\u00e4tzlich neutralisiert Bicarbonat die Magens\u00e4ure.&nbsp;<\/p>\n","protected":false},"excerpt":{"rendered":"<p>REFLUXcontrol STICK ist ein Medizinprodukt zur oralen Anwendung f\u00fcr die Behandlung von gastro\u00f6sophagealem Reflux. 20 STICKBEUTEL \u00e0 15 ml VANILLE-GESCHMACK HINWEISE \u200bHILFREICH BEI: ANWENDUNG Stickbeutel \u00e0 15 ml nach den Hauptmahlzeiten und vor dem Schlafengehen oder entsprechend den Anweisungen des Arztes einnehmen. Vor Gebrauch gut sch\u00fctteln. HINWEISEDas Produkt enth\u00e4lt Natrium und erfordert besondere Aufmerksamkeit bei [&hellip;]<\/p>\n","protected":false},"author":1,"featured_media":0,"parent":0,"menu_order":0,"comment_status":"closed","ping_status":"closed","template":"","meta":{"footnotes":""},"class_list":["post-109","page","type-page","status-publish","hentry"],"_links":{"self":[{"href":"https:\/\/automat.kornblumen-apotheke.at\/index.php?rest_route=\/wp\/v2\/pages\/109","targetHints":{"allow":["GET"]}}],"collection":[{"href":"https:\/\/automat.kornblumen-apotheke.at\/index.php?rest_route=\/wp\/v2\/pages"}],"about":[{"href":"https:\/\/automat.kornblumen-apotheke.at\/index.php?rest_route=\/wp\/v2\/types\/page"}],"author":[{"embeddable":true,"href":"https:\/\/automat.kornblumen-apotheke.at\/index.php?rest_route=\/wp\/v2\/users\/1"}],"replies":[{"embeddable":true,"href":"https:\/\/automat.kornblumen-apotheke.at\/index.php?rest_route=%2Fwp%2Fv2%2Fcomments&post=109"}],"version-history":[{"count":1,"href":"https:\/\/automat.kornblumen-apotheke.at\/index.php?rest_route=\/wp\/v2\/pages\/109\/revisions"}],"predecessor-version":[{"id":111,"href":"https:\/\/automat.kornblumen-apotheke.at\/index.php?rest_route=\/wp\/v2\/pages\/109\/revisions\/111"}],"wp:attachment":[{"href":"https:\/\/automat.kornblumen-apotheke.at\/index.php?rest_route=%2Fwp%2Fv2%2Fmedia&parent=109"}],"curies":[{"name":"wp","href":"https:\/\/api.w.org\/{rel}","templated":true}]}}