{"id":106,"date":"2023-04-14T14:13:45","date_gmt":"2023-04-14T14:13:45","guid":{"rendered":"http:\/\/automat.kornblumen-apotheke.at\/?page_id=106"},"modified":"2023-04-14T14:13:45","modified_gmt":"2023-04-14T14:13:45","slug":"proktocreme","status":"publish","type":"page","link":"https:\/\/automat.kornblumen-apotheke.at\/?page_id=106","title":{"rendered":"PROKTOCreme"},"content":{"rendered":"\n<figure class=\"wp-block-image size-full\"><img loading=\"lazy\" decoding=\"async\" width=\"421\" height=\"421\" src=\"http:\/\/automat.kornblumen-apotheke.at\/wp-content\/uploads\/2023\/04\/grafik-11.png\" alt=\"\" class=\"wp-image-107\" srcset=\"https:\/\/automat.kornblumen-apotheke.at\/wp-content\/uploads\/2023\/04\/grafik-11.png 421w, https:\/\/automat.kornblumen-apotheke.at\/wp-content\/uploads\/2023\/04\/grafik-11-300x300.png 300w, https:\/\/automat.kornblumen-apotheke.at\/wp-content\/uploads\/2023\/04\/grafik-11-150x150.png 150w\" sizes=\"auto, (max-width: 421px) 100vw, 421px\" \/><\/figure>\n\n\n\n<p>Rektalcreme mit Applikator. Sie sch\u00fctzt die anale und perianale Schleimhaut, lindert Schmerzen und Brennen, die durch H\u00e4morrhoiden und Analfissuren verursacht werden, und sch\u00fctzt die Mikrozirkulation.<\/p>\n\n\n\n<p>Medizinprodukt CE 0425<br><strong>30 ml Tube mit Applikator<\/strong><\/p>\n\n\n\n<h2 class=\"wp-block-heading\">HINWEISE<\/h2>\n\n\n\n<p>\u200bDie Wasser-in-\u00d6l-Formel (W\/\u00d6) mit Ceramiden und Cholesterin bildet eine langanhaltende sch\u00fctzende Barriere und sorgt daf\u00fcr, dass die Creme lange auf dem Auftragungsort verweilt.<br>PROKTOCreme entfaltet dank Palmitoyl Isopropylamid (PIA) und dem asiatischen Wassernabelextrakt eine entz\u00fcndungshemmende und lindernde Wirkung und st\u00e4rkt die Gef\u00e4\u00dfw\u00e4nde des H\u00e4morrhoidenplexus.<br>PROKTOCreme eignet sich zur Vorbeugung, zur Akutbehandlung und zur postoperativen Behandlung.<\/p>\n\n\n\n<p>F\u00dcR SOFORTIGE UND DAUERHAFTE LINDERUNG BEI H\u00c4MORRHOIDALLEIDEN<\/p>\n\n\n\n<h2 class=\"wp-block-heading\">ANWENDUNG<\/h2>\n\n\n\n<p>\u200bEine kleine Menge des Produkts auf den gereinigten Analbereich auftragen und sanft einmassieren. F\u00fcr die innere Anwendung mit Applikator (falls notwendig): Die Kappe abnehmen, den Applikator auf die Tube aufschrauben und in den Analkanal einf\u00fchren. Anschlie\u00dfend eine ausreichende Menge des Produkts aus der Tube herausdr\u00fccken. Nach Gebrauch den Applikator mit einem Tuch abwischen, mit Wasser und Seife abwaschen und schlie\u00dflich die Kappe aufsetzen.<br>Das Produkt kann \u00fcber einen l\u00e4ngeren Zeitraum angewendet werden. Dennoch sollte ein Facharzt aufgesucht werden, wenn die Symptome nicht nachlassen.<br><strong>Zur Vorbeugung<\/strong>: Das Produkt ein- bis zweimal t\u00e4glich auftragen, um die Elastizit\u00e4t der Haut zu verbessern.<br><strong>Zur Behandlung<\/strong>: Es wird empfohlen, das Produkt mindestens zwei- bis dreimal t\u00e4glich und nach jedem Stuhlgang anzuwenden.<\/p>\n\n\n\n<h2 class=\"wp-block-heading\">SICHERHEIT<\/h2>\n\n\n\n<ul class=\"wp-block-list\">\n<li>\u200bGLUTENFREI<\/li>\n\n\n\n<li>OHNE Alkohol<\/li>\n<\/ul>\n\n\n\n<p><strong>H\u00c4MORRHOIDEN<\/strong>\u200b<\/p>\n\n\n\n<p>H\u00e4morrhoiden sind erweiterte Venen des H\u00e4morrhoidenplexus, die sich im unteren Enddarm befinden. Wenn sie sich entz\u00fcnden, verursachen sie <strong>Reizung, Brennen, Juckreiz, Schmerzen, Schweregef\u00fchl und Blutungen<\/strong>.<br>In der Regel manifestieren sie sich im rechten vorderen, im rechten hinteren und im linken seitlichen Bereich des Afters. Es k\u00f6nnen sowohl Erwachsene als auch Kinder betroffen sein.<br>H\u00e4morrhoiden k\u00f6nnen beschwerdefrei sein oder sich als Analvorfall manifestieren. \u00c4u\u00dfere H\u00e4morrhoiden k\u00f6nnen thrombosieren, was zu einer schmerzhaften und r\u00f6tlichen Schwellung f\u00fchrt. In seltenen F\u00e4llen k\u00f6nnen sie sich zu leicht blutenden Geschw\u00fcren entwickeln.&nbsp; Innere H\u00e4morrhoiden \u00e4u\u00dfern sich typischerweise durch Blutungen nach dem Stuhlgang. Sie k\u00f6nnen l\u00e4stig sein, aber nicht so wie \u00e4u\u00dfere thrombosierte H\u00e4morrhoiden. Manchmal k\u00f6nnen der Analvorfall und die Verengung des Analkanals die Blutversorgung der H\u00e4morrhoiden unterbinden. Dies verursacht Schmerzen zuweilen gefolgt von Nekrosen und Geschw\u00fcren.<\/p>\n\n\n\n<p><strong>BESONDERHEITEN DER FORMEL<\/strong><\/p>\n\n\n\n<p>Die <strong>Wasser-in-\u00d6l-Formel (W\/\u00d6)<\/strong> sorgt daf\u00fcr, dass <strong>die Creme l\u00e4nger an der Auftragungsstelle verweilt<\/strong> und gew\u00e4hrleistet eine intensive <strong>sch\u00fctzende Wirkung<\/strong>. Sie <strong>brennt nicht <\/strong>und reizt die empfindlichen Schleimh\u00e4ute nicht.<br>Die <strong>ausgewogene Kombination von Ceramide-3, Cholesterin und Stearins\u00e4ure <\/strong>verbessert sofort die Elastizit\u00e4t der Schleimh\u00e4ute.<br><strong>Palmitoyl Isopropylamid (PIA)<\/strong> <strong>mindert <\/strong>lokale <strong>Entz\u00fcndungen, beruhigt die gereizte Schleimhaut <\/strong>und <strong>lindert effektiv Juckreiz<\/strong>.<br>Der <strong>Asiatische Wassernabelextrakt <\/strong>hat eine trophische und regulierende Wirkung auf das Bindegewebe: Er <strong>verbessert die Elastizit\u00e4t und Festigkeit der Gef\u00e4\u00dfw\u00e4nde<\/strong>.<br>Zudem wird die Biosynthese der Glykosaminoglykane (GAG) angeregt \u2013 Hauptbestandteile der amorphen Substanz, in der die <strong>Kollagenfasern <\/strong>eingebettet sind.<\/p>\n\n\n\n<p>INGREDIENTS: WASSER, POLY-1-DECEN, SQUALAN, KARIT\u00c9BUTTER, GLYCERIN, HEXADECANS\u00c4URE, PENTYLENGLYKOL, 9-OCTADECENS\u00c4URE, SORBITAN ISOOCTADECANOAT, CERAMIDE-3, CHOLESTERIN, STEARINS\u00c4URE, ASIATS\u00c4URE, ASIATICOSIDE, MADECASSOSIDE, MAGNESIUMSTEARAT, MAGNESIUMSULFAT, PALMITOYL ISOPROPYLAMID, PENTAERYTHRITOLTETRAKIS&nbsp;3-(3,5-DI-TERT-BUTYL- 4-HYDROXYPHENYL)PROPIONAT).<\/p>\n","protected":false},"excerpt":{"rendered":"<p>Rektalcreme mit Applikator. Sie sch\u00fctzt die anale und perianale Schleimhaut, lindert Schmerzen und Brennen, die durch H\u00e4morrhoiden und Analfissuren verursacht werden, und sch\u00fctzt die Mikrozirkulation. Medizinprodukt CE 042530 ml Tube mit Applikator HINWEISE \u200bDie Wasser-in-\u00d6l-Formel (W\/\u00d6) mit Ceramiden und Cholesterin bildet eine langanhaltende sch\u00fctzende Barriere und sorgt daf\u00fcr, dass die Creme lange auf dem Auftragungsort [&hellip;]<\/p>\n","protected":false},"author":1,"featured_media":0,"parent":0,"menu_order":0,"comment_status":"closed","ping_status":"closed","template":"","meta":{"footnotes":""},"class_list":["post-106","page","type-page","status-publish","hentry"],"_links":{"self":[{"href":"https:\/\/automat.kornblumen-apotheke.at\/index.php?rest_route=\/wp\/v2\/pages\/106","targetHints":{"allow":["GET"]}}],"collection":[{"href":"https:\/\/automat.kornblumen-apotheke.at\/index.php?rest_route=\/wp\/v2\/pages"}],"about":[{"href":"https:\/\/automat.kornblumen-apotheke.at\/index.php?rest_route=\/wp\/v2\/types\/page"}],"author":[{"embeddable":true,"href":"https:\/\/automat.kornblumen-apotheke.at\/index.php?rest_route=\/wp\/v2\/users\/1"}],"replies":[{"embeddable":true,"href":"https:\/\/automat.kornblumen-apotheke.at\/index.php?rest_route=%2Fwp%2Fv2%2Fcomments&post=106"}],"version-history":[{"count":1,"href":"https:\/\/automat.kornblumen-apotheke.at\/index.php?rest_route=\/wp\/v2\/pages\/106\/revisions"}],"predecessor-version":[{"id":108,"href":"https:\/\/automat.kornblumen-apotheke.at\/index.php?rest_route=\/wp\/v2\/pages\/106\/revisions\/108"}],"wp:attachment":[{"href":"https:\/\/automat.kornblumen-apotheke.at\/index.php?rest_route=%2Fwp%2Fv2%2Fmedia&parent=106"}],"curies":[{"name":"wp","href":"https:\/\/api.w.org\/{rel}","templated":true}]}}