{"id":100,"date":"2023-04-14T14:07:29","date_gmt":"2023-04-14T14:07:29","guid":{"rendered":"http:\/\/automat.kornblumen-apotheke.at\/?page_id=100"},"modified":"2023-04-14T14:07:29","modified_gmt":"2023-04-14T14:07:29","slug":"ginkgo-biloba-venengel","status":"publish","type":"page","link":"https:\/\/automat.kornblumen-apotheke.at\/?page_id=100","title":{"rendered":"GINKGO BILOBA Venengel"},"content":{"rendered":"\n<figure class=\"wp-block-image size-full\"><img loading=\"lazy\" decoding=\"async\" width=\"421\" height=\"421\" src=\"http:\/\/automat.kornblumen-apotheke.at\/wp-content\/uploads\/2023\/04\/grafik-9.png\" alt=\"\" class=\"wp-image-101\" srcset=\"https:\/\/automat.kornblumen-apotheke.at\/wp-content\/uploads\/2023\/04\/grafik-9.png 421w, https:\/\/automat.kornblumen-apotheke.at\/wp-content\/uploads\/2023\/04\/grafik-9-300x300.png 300w, https:\/\/automat.kornblumen-apotheke.at\/wp-content\/uploads\/2023\/04\/grafik-9-150x150.png 150w\" sizes=\"auto, (max-width: 421px) 100vw, 421px\" \/><\/figure>\n\n\n\n<p>Erfrischendes und belebendes Gel f\u00fcr m\u00fcde und schwere Beine. Die leichte Textur l\u00e4sst sich gut einmassieren und hinterl\u00e4sst ein trockenes und seidiges Hautgef\u00fchl.<\/p>\n\n\n\n<p><strong>100 ml Tube<\/strong><\/p>\n\n\n\n<h2 class=\"wp-block-heading\">HINWEISE<\/h2>\n\n\n\n<p>\u200bDie Inhaltsstoffe pflanzlichen Ursprungs wie Ginkgo Biloba, der Phytokomplex aus M\u00e4usedorn, Goldrute und Zitrone sowie Escin st\u00e4rken und sch\u00fctzen die Blutgef\u00e4\u00dfe und f\u00f6rdern die Durchblutung. Dar\u00fcber hinaus f\u00f6rdert das Gel dank der abschwellenden Wirkung den Abfluss der extrazellul\u00e4ren Fl\u00fcssigkeiten und wirkt so dem Schweregef\u00fchl entgegen. Zus\u00e4tzlich sorgt Menthol f\u00fcr eine angenehme Frische.<\/p>\n\n\n\n<p><strong>F\u00dcR EIN LEICHTES BEINGEF\u00dcHL<\/strong><\/p>\n\n\n\n<h2 class=\"wp-block-heading\">ANWENDUNG<\/h2>\n\n\n\n<p>\u200b2-mal t\u00e4glich, vorzugsweise morgens und abends, eine ausreichende Menge mit kreisenden Bewegungen von unten nach oben sorgf\u00e4ltig einmassieren. F\u00fcr einen st\u00e4rkeren Frischeeffekt kann das Gel im K\u00fchlschrank aufbewahrt werden.<\/p>\n\n\n\n<p><strong>HINWEISE<\/strong>: Nach Gebrauch die H\u00e4nde sorgf\u00e4ltig mit kaltem Wasser waschen. Den Kontakt mit Augen, Nase, Mund und den empfindlichen K\u00f6rperstellen vermeiden.<br>Nicht auf die Schleimh\u00e4ute und verletzte Hautpartien auftragen. Nicht auf der empfindlichen und zu Reizungen neigenden Haut anwenden. Vor\u00fcbergehend kann Juckreiz auftreten.<\/p>\n\n\n\n<h2 class=\"wp-block-heading\">SICHERHEIT<\/h2>\n\n\n\n<ul class=\"wp-block-list\">\n<li>\u200b\u200b\u200bFormuliert, um das Allergierisiko zu minimieren<\/li>\n\n\n\n<li>Dermatologisch getestet<\/li>\n\n\n\n<li>Nickel und Parabene &lt; 0,0001 % (1 ppm)<br>PAO: 12M<\/li>\n<\/ul>\n\n\n\n<p><strong>GINKGO BILOBA-EXTRAKT<br><\/strong>Sch\u00fctzt und f\u00f6rdert die Durchblutung<\/p>\n\n\n\n<p><strong>PHYTOKOMPLEX AUS M\u00c4USEDORN, GOLDRUTE UND ZITRONE<\/strong><br>Wirkt \u00f6demhemmend gegen Schwellungen<\/p>\n\n\n\n<p><strong>ESCIN<\/strong><br>F\u00f6rdert die Durchblutung<\/p>\n\n\n\n<p><strong>MENTHOL<\/strong><br>Wirkt langanhaltend erfrischend und belebend<\/p>\n\n\n\n<p><strong>\u200bGINKGO BILOBA<\/strong><br>Der <em>Ginkgo biloba <\/em>ist ein Baum, der bis zu 30 Meter hoch wird und vermutlich in China beheimatet ist. Seine Samen und Bl\u00e4tter bieten zahlreiche medizinische Wirkungen, insbesondere f\u00fcr das Herz-Kreislauf-System und die Arterien, Venen und Kapillaren. Der von uns verwendete Extrakt ist reich an Flavonoiden und Terpenlactonen, die das Endothel der Blutgef\u00e4\u00dfe sch\u00fctzen und die Durchblutung anregen. Auf diese Weise verbessert er die Kapillardurchblutung und den ven\u00f6sen R\u00fcckstrom.<\/p>\n\n\n\n<p><strong>PHYTOKOMPLEX AUS M\u00c4USEDORN, GOLDRUTE UND ZITRONE<\/strong><br>Aktivstoffkomplex aus drei nat\u00fcrlichen Extrakten, welche die Durchblutung wirksam f\u00f6rdern und \u00d6deme reduzieren: M\u00e4usedorn, Goldrute und Zitrone. Aus diesen Pflanzen werden Extrakte mit einer hohen Konzentration an Flavonoiden gewonnen, die aufgrund ihrer Affinit\u00e4t zu Kollagen und Elastin (Bestandteile der Blutgef\u00e4\u00dfe) die Elastizit\u00e4t der Gef\u00e4\u00dfe verbessern. Zudem wirken sie \u00f6demhemmend und abschwellend, weil sie die Widerstandsf\u00e4higkeit der Gef\u00e4\u00dfe verbessern und ihre Durchl\u00e4ssigkeit verringern. Dieser Phytokomplex wurde in vivo getestet, um seine Wirksamkeit bei der Linderung der mit der Erm\u00fcdung der Beine verbundenen Beschwerden zu bewerten. Nach einer 2-w\u00f6chigen Anwendung wurden zudem instrumentelle (Laser-Doppler und Ultraschall) und zentimetrische Messungen auf der H\u00f6he der Kn\u00f6chel und Waden durchgef\u00fchrt. Dabei wurde festgestellt, dass sich die Durchblutung um 31 % verbessert hatte und \u00d6deme in Waden und Kn\u00f6cheln sichtbar reduziert waren.<\/p>\n\n\n\n<p><strong>ESCIN<\/strong><br>Escin ist eine Mischung aus Saponinen mit entz\u00fcndungshemmender, gef\u00e4\u00dfsch\u00fctzender und gef\u00e4\u00dfverengender Wirkung. Dieser Aktivstoff beeinflusst den lokalen Elektrolytaustausch und hemmt somit das Entstehen von \u00d6demen. Er erh\u00f6ht den Kapillarwiderstand, verringert die Durchl\u00e4ssigkeit der Gef\u00e4\u00dfe und beg\u00fcnstigt so die Ausleitung der angesammelten interstitiellen Fl\u00fcssigkeiten.<\/p>\n\n\n\n<p>\u200bINGREDIENTS: AQUA, ALCOHOL DENAT., PROPANEDIOL DICAPRYLATE, GLYCERIN, MENTHYL LACTATE, ESCIN, GINKGO BILOBA LEAF EXTRACT, MENTHOL, RUSCUS ACULEATUS ROOT EXTRACT, SOLIDAGO VIRGAUREA EXTRACT, CITRUS LIMON PEEL EXTRACT, CAPRYLYL GLYCOL, DISODIUM EDTA, ETHYLHEXYLGLYCERIN, PARFUM, PENTAERYTHRITYL TETRA-DI-TBUTYL HYDROXYHYDROCINNAMATE, POLYACRYLATE CROSSPOLYMER-6, PROPYLENE GLYCOL, SODIUM BENZOATE, PHENOXYETHANOL, POTASSIUM SORBATE, SODIUM HYDROXIDE, SODIUM POLYACRYLOYLDIMETHYL TAURATE, SORBITOL, TAPIOCA STARCH, XANTHAN GUM.<\/p>\n","protected":false},"excerpt":{"rendered":"<p>Erfrischendes und belebendes Gel f\u00fcr m\u00fcde und schwere Beine. Die leichte Textur l\u00e4sst sich gut einmassieren und hinterl\u00e4sst ein trockenes und seidiges Hautgef\u00fchl. 100 ml Tube HINWEISE \u200bDie Inhaltsstoffe pflanzlichen Ursprungs wie Ginkgo Biloba, der Phytokomplex aus M\u00e4usedorn, Goldrute und Zitrone sowie Escin st\u00e4rken und sch\u00fctzen die Blutgef\u00e4\u00dfe und f\u00f6rdern die Durchblutung. Dar\u00fcber hinaus f\u00f6rdert [&hellip;]<\/p>\n","protected":false},"author":1,"featured_media":0,"parent":0,"menu_order":0,"comment_status":"closed","ping_status":"closed","template":"","meta":{"footnotes":""},"class_list":["post-100","page","type-page","status-publish","hentry"],"_links":{"self":[{"href":"https:\/\/automat.kornblumen-apotheke.at\/index.php?rest_route=\/wp\/v2\/pages\/100","targetHints":{"allow":["GET"]}}],"collection":[{"href":"https:\/\/automat.kornblumen-apotheke.at\/index.php?rest_route=\/wp\/v2\/pages"}],"about":[{"href":"https:\/\/automat.kornblumen-apotheke.at\/index.php?rest_route=\/wp\/v2\/types\/page"}],"author":[{"embeddable":true,"href":"https:\/\/automat.kornblumen-apotheke.at\/index.php?rest_route=\/wp\/v2\/users\/1"}],"replies":[{"embeddable":true,"href":"https:\/\/automat.kornblumen-apotheke.at\/index.php?rest_route=%2Fwp%2Fv2%2Fcomments&post=100"}],"version-history":[{"count":1,"href":"https:\/\/automat.kornblumen-apotheke.at\/index.php?rest_route=\/wp\/v2\/pages\/100\/revisions"}],"predecessor-version":[{"id":102,"href":"https:\/\/automat.kornblumen-apotheke.at\/index.php?rest_route=\/wp\/v2\/pages\/100\/revisions\/102"}],"wp:attachment":[{"href":"https:\/\/automat.kornblumen-apotheke.at\/index.php?rest_route=%2Fwp%2Fv2%2Fmedia&parent=100"}],"curies":[{"name":"wp","href":"https:\/\/api.w.org\/{rel}","templated":true}]}}